{"id":1621,"date":"2025-11-03T11:44:46","date_gmt":"2025-11-03T11:44:46","guid":{"rendered":"https:\/\/upfarming.org\/?page_id=1621"},"modified":"2026-04-17T16:28:54","modified_gmt":"2026-04-17T15:28:54","slug":"corporate","status":"publish","type":"page","link":"https:\/\/upfarming.org\/pt-pt\/corporate\/","title":{"rendered":"Corporate"},"content":{"rendered":"<div class=\"wpb-content-wrapper\"><p>[vc_row full_height=&#8221;yes&#8221; content_placement=&#8221;middle&#8221; el_id=&#8221;new-hero&#8221; el_class=&#8221;hero-box&#8221;][vc_column width=&#8221;5\/12&#8243;][vc_column_text css=&#8221;&#8221;]<\/p>\n<h2 class=\"headline\"><span class=\"underline-svg\">Investidores<\/span><br \/>\n<span class=\"underline-svg underline-svg-short\">Sociais<\/span><\/h2>\n<p>[\/vc_column_text][vc_column_text css=&#8221;&#8221;]<\/p>\n<h3>Para tornar os nossos projetos poss\u00edveis, contamos com o apoio de investidores sociais. S\u00e3o eles que nos permitem implementar, fortalecer e manter o nosso trabalho no terreno, ampliando o impacto que levamos \u00e0s comunidades.<\/h3>\n<p>[\/vc_column_text][vc_column_text css=&#8221;&#8221;]Apoie-nos a expandir o nosso impacto\u00a0atrav\u00e9s do financiamento de um programa comest\u00edvel num bairro, numa escola, numa pris\u00e3o ou num hospital.[\/vc_column_text][vc_btn title=&#8221;Financie um programa&#8221; css=&#8221;.vc_custom_1773675766814{margin-top: 35px !important;background-color: #FFFFFF00 !important;border-color: #21472E !important;}&#8221; el_class=&#8221;button-link button-link-filled&#8221; link=&#8221;url:https%3A%2F%2Fupfarming.org%2Fpt-pt%2Fcorporate%2F%23contact-form&#8221;][\/vc_column][vc_column width=&#8221;7\/12&#8243;][vc_single_image image=&#8221;2809&#8243; img_size=&#8221;full&#8221; alignment=&#8221;center&#8221; css=&#8221;&#8221;][\/vc_column][\/vc_row][vc_row el_id=&#8221;aspectos&#8221;][vc_column][vc_row_inner][vc_column_inner el_class=&#8221;aspectos-cards aspectos-cards-empresas&#8221; width=&#8221;1\/3&#8243;][vc_single_image image=&#8221;2807&#8243; img_size=&#8221;full&#8221; alignment=&#8221;center&#8221; css=&#8221;&#8221;][vc_column_text css=&#8221;&#8221;]<\/p>\n<h4 style=\"text-align: center; font-size: 28px; line-height: 28px;\"><span class=\"underline-svg-cartao\">Voluntariado<\/span><br \/>\n<span class=\"underline-svg-cartao\">corporativo<\/span><\/h4>\n<p>[\/vc_column_text][vc_column_text css=&#8221;&#8221;]<\/p>\n<p style=\"text-align: center;\">\u00a0Participe nas atividades da Estufa Comunit\u00e1ria de Alvalade e ajude-nos a tornar Lisboa numa cidade mais comest\u00edvel.<\/p>\n<p>[\/vc_column_text][vc_btn title=&#8221;Seja volunt\u00e1rio&#8221; align=&#8221;center&#8221; css=&#8221;.vc_custom_1773675818087{margin-top: 35px !important;background-color: #FFFFFF00 !important;border-color: #21472E !important;}&#8221; el_class=&#8221;button-link&#8221; link=&#8221;url:https%3A%2F%2Fupfarming.org%2Fpt-pt%2Fcorporate%2F%23contact-form&#8221;][\/vc_column_inner][vc_column_inner el_class=&#8221;aspectos-cards aspectos-cards-empresas&#8221; width=&#8221;1\/3&#8243;][vc_single_image image=&#8221;2805&#8243; img_size=&#8221;full&#8221; alignment=&#8221;center&#8221; css=&#8221;&#8221;][vc_column_text css=&#8221;&#8221;]<\/p>\n<h4 style=\"text-align: center; font-size: 28px; line-height: 28px;\"><span class=\"underline-svg-cartao\">Team building<\/span><br \/>\n<span class=\"underline-svg-cartao\">&amp; workshops<\/span><\/h4>\n<p>[\/vc_column_text][vc_column_text css=&#8221;&#8221;]<\/p>\n<p style=\"text-align: center;\">Promova o trabalho em equipa atrav\u00e9s de uma atividade envolvente de teambuilding.<\/p>\n<p>[\/vc_column_text][vc_btn title=&#8221;Agende uma actividade&#8221; align=&#8221;center&#8221; css=&#8221;.vc_custom_1773675823753{margin-top: 35px !important;background-color: #FFFFFF00 !important;border-color: #21472E !important;}&#8221; el_class=&#8221;button-link&#8221; link=&#8221;url:https%3A%2F%2Fupfarming.org%2Fpt-pt%2Fcorporate%2F%23contact-form&#8221;][\/vc_column_inner][vc_column_inner el_class=&#8221;aspectos-cards aspectos-cards-empresas&#8221; width=&#8221;1\/3&#8243;][vc_single_image image=&#8221;2803&#8243; img_size=&#8221;full&#8221; alignment=&#8221;center&#8221; css=&#8221;&#8221;][vc_column_text css=&#8221;&#8221;]<\/p>\n<h4 style=\"text-align: center; font-size: 28px; line-height: 28px;\"><span class=\"underline-svg-cartao\">Empresas<\/span><br \/>\n<span class=\"underline-svg-cartao\">comest\u00edveis<\/span><\/h4>\n<p>[\/vc_column_text][vc_column_text css=&#8221;&#8221;]<\/p>\n<p style=\"text-align: center;\">Transforme a sua empresa num espa\u00e7o mais verde, atrav\u00e9s da instala\u00e7\u00e3o de hortas verticais.<\/p>\n<p>[\/vc_column_text][vc_btn title=&#8221;Comece o seu projecto&#8221; align=&#8221;center&#8221; css=&#8221;.vc_custom_1773675830226{margin-top: 35px !important;background-color: #FFFFFF00 !important;border-color: #21472E !important;}&#8221; el_class=&#8221;button-link&#8221; link=&#8221;url:https%3A%2F%2Fupfarming.org%2Fpt-pt%2Fcorporate%2F%23contact-form&#8221;][\/vc_column_inner][\/vc_row_inner][\/vc_column][\/vc_row][vc_row content_placement=&#8221;middle&#8221; css=&#8221;.vc_custom_1763118750653{background-color: #C4C3D8 !important;}&#8221;][vc_column][vc_raw_html css=&#8221;&#8221;]JTNDdmlkZW8lMjBhdXRvcGxheSUyMGxvb3AlMjBtdXRlZCUzRSUwQSUyMCUyMCUzQ3NvdXJjZSUyMHNyYyUzRCUyMmh0dHBzJTNBJTJGJTJGdXBmYXJtaW5nLm9yZyUyRndwLWNvbnRlbnQlMkZ1cGxvYWRzJTJGMjAyNiUyRjAxJTJGQ28lQ0MlODFwaWEtZGUtZXNjb2xhX3NlbXNvbS5tcDQlMjIlM0UlMEElMjAlMjBZb3VyJTIwYnJvd3NlciUyMGRvZXMlMjBub3QlMjBzdXBwb3J0JTIwdGhlJTIwdmlkZW8lMjB0YWcuJTBBJTNDJTJGdmlkZW8lM0U=[\/vc_raw_html][\/vc_column][\/vc_row][vc_row full_height=&#8221;yes&#8221; content_placement=&#8221;middle&#8221; el_id=&#8221;voluntariado&#8221; el_class=&#8221;hero-box&#8221;][vc_column width=&#8221;5\/12&#8243;][vc_column_text css=&#8221;&#8221;]<\/p>\n<h2 class=\"headline\"><span class=\"underline-svg\">Voluntariado<\/span><br \/>\n<span class=\"underline-svg\">Corporativo<\/span><\/h2>\n<p>[\/vc_column_text][vc_column_text css=&#8221;&#8221;]<\/p>\n<h3>Ajude-nos a tornar Lisboa numa cidade mais comest\u00edvel, participando nas atividades da Estufa Comunit\u00e1ria de Alvalade. O voluntariado \u00e9 essencial para garantir o funcionamento di\u00e1rio deste projeto, apoiando atividades como sementeira, planta\u00e7\u00e3o e colheita. Junte a sua equipa e contribua diretamente para um projeto comunit\u00e1rio que promove sustentabilidade, aprendizagem e liga\u00e7\u00e3o \u00e0 natureza.<\/h3>\n<p>[\/vc_column_text][vc_btn title=&#8221;Seja volunt\u00e1rio&#8221; css=&#8221;.vc_custom_1773675838705{margin-top: 35px !important;background-color: #FFFFFF00 !important;border-color: #21472E !important;}&#8221; el_class=&#8221;button-link&#8221; link=&#8221;url:https%3A%2F%2Fupfarming.org%2Fpt-pt%2Fcorporate%2F%23contact-form&#8221;][\/vc_column][vc_column width=&#8221;7\/12&#8243;][vc_single_image image=&#8221;2807&#8243; img_size=&#8221;full&#8221; alignment=&#8221;center&#8221; css=&#8221;&#8221;][\/vc_column][\/vc_row][vc_row content_placement=&#8221;middle&#8221; css=&#8221;.vc_custom_1763118758794{background-color: #C4C3D8 !important;}&#8221;][vc_column][vc_raw_html css=&#8221;&#8221;]JTNDdmlkZW8lMjBhdXRvcGxheSUyMGxvb3AlMjBtdXRlZCUzRSUwQSUyMCUyMCUzQ3NvdXJjZSUyMHNyYyUzRCUyMmh0dHBzJTNBJTJGJTJGdXBmYXJtaW5nLm9yZyUyRndwLWNvbnRlbnQlMkZ1cGxvYWRzJTJGMjAyNiUyRjAxJTJGQ28lQ0MlODFwaWEtZGUtZnVqaXRzdV9zZW1zb20ubXA0JTIyJTNFJTBBJTIwJTIwWW91ciUyMGJyb3dzZXIlMjBkb2VzJTIwbm90JTIwc3VwcG9ydCUyMHRoZSUyMHZpZGVvJTIwdGFnLiUwQSUzQyUyRnZpZGVvJTNF[\/vc_raw_html][\/vc_column][\/vc_row][vc_row full_height=&#8221;yes&#8221; content_placement=&#8221;middle&#8221; el_id=&#8221;workshops&#8221; el_class=&#8221;hero-box hero-box__flipped&#8221;][vc_column width=&#8221;7\/12&#8243;][vc_single_image image=&#8221;2805&#8243; img_size=&#8221;full&#8221; alignment=&#8221;center&#8221; css=&#8221;&#8221;][\/vc_column][vc_column width=&#8221;5\/12&#8243;][vc_column_text css=&#8221;&#8221;]<\/p>\n<h2 class=\"headline\"><span class=\"underline-svg\">Team Building<\/span><br \/>\n<span class=\"underline-svg\">&amp; Workshops<\/span><\/h2>\n<p>[\/vc_column_text][vc_column_text css=&#8221;&#8221;]<\/p>\n<h3>Transforme a sua empresa num espa\u00e7o mais verde, promovendo a melhoria do bem-estar dos seus colaboradores atrav\u00e9s de hortas verticais sustent\u00e1veis e altamente produtivas.<\/h3>\n<p>[\/vc_column_text][vc_btn title=&#8221;Comece o seu projeto&#8221; css=&#8221;.vc_custom_1773675846790{margin-top: 35px !important;background-color: #FFFFFF00 !important;border-color: #21472E !important;}&#8221; el_class=&#8221;button-link&#8221; link=&#8221;url:https%3A%2F%2Fupfarming.org%2Fpt-pt%2Fcorporate%2F%23contact-form&#8221;][\/vc_column][\/vc_row][vc_row el_id=&#8221;workshop-itens&#8221;][vc_column][vc_row_inner el_class=&#8221;js-vc-auto-carousel cards-wrapper&#8221;][vc_column_inner el_class=&#8221;aspectos-cards aspectos-cards-workshops&#8221; width=&#8221;1\/4&#8243;][vc_single_image image=&#8221;1943&#8243; img_size=&#8221;actividade&#8221; alignment=&#8221;center&#8221; css=&#8221;&#8221;][vc_column_text css=&#8221;.vc_custom_1769598379455{margin-bottom: 0px !important;}&#8221;]<\/p>\n<h4 style=\"text-align: left;\">Plantar comunidade<\/h4>\n<p>[\/vc_column_text][vc_column_text css=&#8221;.vc_custom_1776439595368{margin-bottom: 16px !important;border-bottom-width: 1px !important;padding-bottom: 16px !important;border-bottom-style: solid !important;border-color: #22472E !important;}&#8221; el_class=&#8221;paragraph-uppercase&#8221;]Dura\u00e7\u00e3o: 2h<br \/>\nParticipantes: m\u00e1x. 25<br \/>\nCusto: 40\u20ac por pessoa[\/vc_column_text][vc_column_text css=&#8221;&#8221;]<\/p>\n<p style=\"text-align: left;\">Este workshop explora a Estufa Comunit\u00e1ria de Alvalade e a tecnologia Sky Greens atrav\u00e9s de uma atividade de planta\u00e7\u00e3o e colheita.<\/p>\n<p>[\/vc_column_text][\/vc_column_inner][vc_column_inner el_class=&#8221;aspectos-cards aspectos-cards-workshops&#8221; width=&#8221;1\/4&#8243;][vc_single_image image=&#8221;1945&#8243; img_size=&#8221;actividade&#8221; alignment=&#8221;center&#8221; css=&#8221;&#8221;][vc_column_text css=&#8221;.vc_custom_1769598437539{margin-bottom: 0px !important;}&#8221;]<\/p>\n<h4 style=\"text-align: left;\">Semear o futuro<\/h4>\n<p>[\/vc_column_text][vc_column_text css=&#8221;.vc_custom_1769598456147{margin-bottom: 16px !important;border-bottom-width: 1px !important;padding-bottom: 16px !important;border-bottom-style: solid !important;border-color: #22472E !important;}&#8221; el_class=&#8221;paragraph-uppercase&#8221;]Dura\u00e7\u00e3o: 3h<br \/>\nParticipantes: m\u00e1x. 25<br \/>\nCusto: 50\u20ac por pessoa[\/vc_column_text][vc_column_text css=&#8221;&#8221;]<\/p>\n<p style=\"text-align: left;\">Este workshop explora a Estufa Comunit\u00e1ria de Alvalade e a tecnologia Sky Greens atrav\u00e9s de uma atividade de sementeira, planta\u00e7\u00e3o e colheita.<\/p>\n<p>[\/vc_column_text][\/vc_column_inner][vc_column_inner el_class=&#8221;aspectos-cards aspectos-cards-workshops&#8221; width=&#8221;1\/4&#8243;][vc_single_image image=&#8221;1947&#8243; img_size=&#8221;actividade&#8221; alignment=&#8221;center&#8221; css=&#8221;&#8221;][vc_column_text css=&#8221;.vc_custom_1769598498844{margin-bottom: 0px !important;}&#8221;]<\/p>\n<h4 style=\"text-align: left;\">Lisboa, cidade comest\u00edvel<\/h4>\n<p>[\/vc_column_text][vc_column_text css=&#8221;.vc_custom_1769598518183{margin-bottom: 16px !important;border-bottom-width: 1px !important;padding-bottom: 16px !important;border-bottom-style: solid !important;border-color: #22472E !important;}&#8221; el_class=&#8221;paragraph-uppercase&#8221;]Dura\u00e7\u00e3o: 4h<br \/>\nParticipantes: m\u00e1x. 25<br \/>\nCusto: 60\u20ac por pessoa[\/vc_column_text][vc_column_text css=&#8221;&#8221;]<\/p>\n<p style=\"text-align: left;\">Conhe\u00e7a o ecossistema comest\u00edvel da cidade de Lisboa, com uma visita guiada aos projetos Horta FCUL, Horta do Alto da Eira, Estufa Comunit\u00e1ria de Alvalade e Agrofloresta da Bela Flor<\/p>\n<p>[\/vc_column_text][\/vc_column_inner][vc_column_inner el_class=&#8221;aspectos-cards aspectos-cards-workshops&#8221; width=&#8221;1\/4&#8243;][vc_single_image image=&#8221;1952&#8243; img_size=&#8221;actividade&#8221; alignment=&#8221;center&#8221; css=&#8221;&#8221;][vc_column_text css=&#8221;.vc_custom_1769598553931{margin-bottom: 0px !important;}&#8221;]<\/p>\n<h4 style=\"text-align: left;\">Somos o que comemos<\/h4>\n<p>[\/vc_column_text][vc_column_text css=&#8221;.vc_custom_1776439628774{margin-bottom: 16px !important;border-bottom-width: 1px !important;padding-bottom: 16px !important;border-bottom-style: solid !important;border-color: #22472E !important;}&#8221; el_class=&#8221;paragraph-uppercase&#8221;]Dura\u00e7\u00e3o: 4h<br \/>\nParticipantes: m\u00e1x. 25<br \/>\nCusto: 65\u20ac por pessoa[\/vc_column_text][vc_column_text css=&#8221;&#8221;]<\/p>\n<p style=\"text-align: left;\">Este workshop explora a Estufa Comunit\u00e1ria de Alvalade e a tecnologia Sky Greens, por interm\u00e9dio de uma a\u00e7\u00e3o de sementeira, planta\u00e7\u00e3o\u00a0 ou colheita. Promove a alimenta\u00e7\u00e3o saud\u00e1vel com a confe\u00e7\u00e3o de refei\u00e7\u00f5es, entre as quais saladas, utilizando os hort\u00edcolas da horta.<\/p>\n<p>[\/vc_column_text][\/vc_column_inner][\/vc_row_inner][vc_row_inner][vc_column_inner css=&#8221;.vc_custom_1763119481025{margin-top: 32px !important;}&#8221;][vc_btn title=&#8221;Agende uma actividade&#8221; align=&#8221;center&#8221; css=&#8221;.vc_custom_1773675856123{margin-top: 35px !important;background-color: #FFFFFF00 !important;border-color: #21472E !important;}&#8221; el_class=&#8221;button-link&#8221; link=&#8221;url:https%3A%2F%2Fupfarming.org%2Fpt-pt%2Fcorporate%2F%23contact-form&#8221;][\/vc_column_inner][\/vc_row_inner][\/vc_column][\/vc_row][vc_row content_placement=&#8221;middle&#8221; css=&#8221;.vc_custom_1763118768916{background-color: #C4C3D8 !important;}&#8221;][vc_column][vc_raw_html css=&#8221;&#8221;]JTNDdmlkZW8lMjBhdXRvcGxheSUyMGxvb3AlMjBtdXRlZCUzRSUwQSUyMCUyMCUzQ3NvdXJjZSUyMHNyYyUzRCUyMmh0dHBzJTNBJTJGJTJGdXBmYXJtaW5nLm9yZyUyRndwLWNvbnRlbnQlMkZ1cGxvYWRzJTJGMjAyNiUyRjAyJTJGQ28lQ0MlODFwaWEtZGUtZm9vZHRvdXJfc2Vtc29tLTEubXA0JTIyJTNFJTBBJTIwJTIwWW91ciUyMGJyb3dzZXIlMjBkb2VzJTIwbm90JTIwc3VwcG9ydCUyMHRoZSUyMHZpZGVvJTIwdGFnLiUwQSUzQyUyRnZpZGVvJTNF[\/vc_raw_html][\/vc_column][\/vc_row][vc_row full_height=&#8221;yes&#8221; content_placement=&#8221;middle&#8221; el_id=&#8221;empresas-comestiveis&#8221; el_class=&#8221;hero-box&#8221;][vc_column width=&#8221;5\/12&#8243;][vc_column_text css=&#8221;&#8221;]<\/p>\n<h2 class=\"headline\"><span class=\"underline-svg\">Empresas<\/span><br \/>\n<span class=\"underline-svg\">Comest\u00edveis<\/span><\/h2>\n<p>[\/vc_column_text][vc_column_text css=&#8221;&#8221;]<\/p>\n<h3>Transforme a sua empresa num espa\u00e7o mais verde, promovendo a melhoria do bem-estar dos seus colaboradores atrav\u00e9s de hortas verticais sustent\u00e1veis e altamente produtivas.<\/h3>\n<p>[\/vc_column_text][vc_btn title=&#8221;Comece o seu projeto&#8221; css=&#8221;.vc_custom_1773675863682{margin-top: 35px !important;background-color: #FFFFFF00 !important;border-color: #21472E !important;}&#8221; el_class=&#8221;button-link&#8221; link=&#8221;url:https%3A%2F%2Fupfarming.org%2Fpt-pt%2Fcorporate%2F%23contact-form&#8221;][\/vc_column][vc_column width=&#8221;7\/12&#8243;][vc_single_image image=&#8221;2803&#8243; img_size=&#8221;full&#8221; alignment=&#8221;center&#8221; css=&#8221;&#8221;][\/vc_column][\/vc_row][vc_row content_placement=&#8221;middle&#8221; el_id=&#8221;parceiros&#8221;][vc_column css=&#8221;.vc_custom_1763118141023{padding-top: 86px !important;padding-right: 52px !important;padding-bottom: 86px !important;padding-left: 52px !important;}&#8221;][vc_column_text css=&#8221;&#8221;]<\/p>\n<h2 class=\"headline\" style=\"text-align: center;\">Empresas <span class=\"underline-svg\">parceiras<\/span><\/h2>\n<p>[\/vc_column_text][vc_row_inner content_placement=&#8221;middle&#8221; el_id=&#8221;logos-parceiros-lista&#8221;][vc_column_inner][vc_single_image image=&#8221;2669&#8243; img_size=&#8221;full&#8221; css=&#8221;&#8221; el_class=&#8221;logo-lista-imagem&#8221;][vc_single_image image=&#8221;2674&#8243; img_size=&#8221;full&#8221; css=&#8221;&#8221; el_class=&#8221;logo-lista-imagem&#8221;][vc_single_image image=&#8221;2677&#8243; img_size=&#8221;full&#8221; css=&#8221;&#8221; el_class=&#8221;logo-lista-imagem&#8221;][vc_single_image image=&#8221;2681&#8243; img_size=&#8221;full&#8221; css=&#8221;&#8221; el_class=&#8221;logo-lista-imagem&#8221;][vc_single_image image=&#8221;2633&#8243; img_size=&#8221;full&#8221; css=&#8221;&#8221; el_class=&#8221;logo-lista-imagem&#8221;][vc_single_image image=&#8221;2566&#8243; img_size=&#8221;full&#8221; css=&#8221;&#8221; el_class=&#8221;logo-lista-imagem&#8221;][vc_single_image image=&#8221;2564&#8243; img_size=&#8221;full&#8221; css=&#8221;&#8221; el_class=&#8221;logo-lista-imagem&#8221;][vc_single_image image=&#8221;2548&#8243; img_size=&#8221;full&#8221; css=&#8221;&#8221; el_class=&#8221;logo-lista-imagem&#8221;][\/vc_column_inner][\/vc_row_inner][\/vc_column][\/vc_row][vc_row el_id=&#8221;new-faqs&#8221;][vc_column width=&#8221;1\/2&#8243; el_class=&#8221;new-faqs-cards&#8221;][vc_column_text css=&#8221;&#8221;]<\/p>\n<h2>Perguntas mais frequentes<\/h2>\n<p>[\/vc_column_text][vc_tta_accordion section_title_tag=&#8221;p&#8221; style=&#8221;flat&#8221; shape=&#8221;square&#8221; gap=&#8221;15&#8243; c_align=&#8221;left&#8221; c_position=&#8221;right&#8221; active_section=&#8221;0&#8243; collapsible_all=&#8221;true&#8221;][vc_tta_section title=&#8221;Como posso tornar-me investidor social da Upfarming?&#8221; tab_id=&#8221;1749658212822-b0c35022-4817&#8243;][vc_column_text css=&#8221;&#8221;]Pode tornar-se investidor social ao apoiar financeiramente os nossos programas de agricultura vertical em contexto urbano, seja atrav\u00e9s de patroc\u00ednios, parcerias ou investimento em projetos espec\u00edficos. Entre em contacto connosco para conhecermos os seus objetivos e criarmos uma solu\u00e7\u00e3o alinhada com o impacto que quer gerar.[\/vc_column_text][\/vc_tta_section][vc_tta_section title=&#8221;Como pode a minha empresa apoiar a miss\u00e3o da Upfarming?&#8221; tab_id=&#8221;1749658212836-fb55b615-e4c6&#8243;][vc_column_text css=&#8221;&#8221;]A sua empresa pode apoiar a nossa miss\u00e3o ao financiar diretamente os nossos projetos, instalar hortas verticais nas suas instala\u00e7\u00f5es, desenvolver programas espec\u00edficos ou integrar solu\u00e7\u00f5es de agricultura vertical em a\u00e7\u00f5es de responsabilidade social.[\/vc_column_text][\/vc_tta_section][vc_tta_section title=&#8221;Quais s\u00e3o os benef\u00edcios para a minha empresa ao apoiar a Upfarming?&#8221; tab_id=&#8221;1749658275506-d6428dbb-7fa1&#8243;][vc_column_text css=&#8221;&#8221;]Ao apoiar a Upfarming, as empresas refor\u00e7am o seu compromisso ESG, contribuindo para comunidades urbanas com maior literacia alimentar e ambiental e mais coesas do ponto de vista socioecon\u00f3mico. Al\u00e9m disso, as empresas ganham visibilidade positiva junto de parceiros, clientes e colaboradores, fortalecendo a sua reputa\u00e7\u00e3o enquanto agentes de mudan\u00e7a.[\/vc_column_text][\/vc_tta_section][vc_tta_section title=&#8221;A minha empresa pode envolver colaboradores nas iniciativas da Upfarming?&#8221; tab_id=&#8221;1749658283825-c46f5fcb-4540&#8243;][vc_column_text css=&#8221;&#8221;]Sim! Promovemos experi\u00eancias pr\u00e1ticas e programas de voluntariado corporativo que envolvem equipas no cultivo, manuten\u00e7\u00e3o e dinamiza\u00e7\u00e3o das nossas hortas verticais, fomentando o trabalho em equipa e refor\u00e7ando a cultura organizacional.[\/vc_column_text][\/vc_tta_section][vc_tta_section title=&#8221;O apoio \u00e0 Upfarming pode integrar a estrat\u00e9gia ESG da minha empresa?&#8221; tab_id=&#8221;1749658306037-eed7c9c2-594d&#8221;][vc_column_text css=&#8221;&#8221;]Sim. As nossas iniciativas contribuem diretamente para objetivos ambientais (produ\u00e7\u00e3o local e redu\u00e7\u00e3o de pegada ecol\u00f3gica), sociais (literacia alimentar e desenvolvimento comunit\u00e1rio) e de governan\u00e7a (apoio estruturado a projetos de impacto).[\/vc_column_text][\/vc_tta_section][\/vc_tta_accordion][\/vc_column][vc_column width=&#8221;1\/2&#8243; el_class=&#8221;new-faqs-cards&#8221; el_id=&#8221;contact-form&#8221;][vc_column_text css=&#8221;&#8221;]<\/p>\n<h2>Quer uma horta na sua institui\u00e7\u00e3o?<\/h2>\n<p>[\/vc_column_text][vc_column_text css=&#8221;&#8221;]Ajudamos a transformar espa\u00e7os dispon\u00edveis em hortas educativas, terap\u00eauticas ou produtivas, adaptadas \u00e0 realidade de cada organiza\u00e7\u00e3o.[\/vc_column_text]\n<div class=\"wpcf7 no-js\" id=\"wpcf7-f1404-o1\" lang=\"en-US\" dir=\"ltr\" data-wpcf7-id=\"1404\">\n<div class=\"screen-reader-response\"><p role=\"status\" aria-live=\"polite\" aria-atomic=\"true\"><\/p> <ul><\/ul><\/div>\n<form action=\"\/pt-pt\/wp-json\/wp\/v2\/pages\/1621#wpcf7-f1404-o1\" method=\"post\" class=\"wpcf7-form init\" aria-label=\"Contact form\" novalidate=\"novalidate\" data-status=\"init\">\n<fieldset class=\"hidden-fields-container\"><input type=\"hidden\" name=\"_wpcf7\" value=\"1404\" \/><input type=\"hidden\" name=\"_wpcf7_version\" value=\"6.1.5\" \/><input type=\"hidden\" name=\"_wpcf7_locale\" value=\"en_US\" \/><input type=\"hidden\" name=\"_wpcf7_unit_tag\" value=\"wpcf7-f1404-o1\" \/><input type=\"hidden\" name=\"_wpcf7_container_post\" value=\"0\" \/><input type=\"hidden\" name=\"_wpcf7_posted_data_hash\" value=\"\" \/><input type=\"hidden\" name=\"_wpcf7_recaptcha_response\" value=\"\" \/>\n<\/fieldset>\n<p><span class=\"wpcf7-form-control-wrap\" data-name=\"email-1\"><input size=\"40\" maxlength=\"400\" class=\"wpcf7-form-control wpcf7-email wpcf7-validates-as-required wpcf7-text wpcf7-validates-as-email\" aria-required=\"true\" aria-invalid=\"false\" placeholder=\"Email\" value=\"\" type=\"email\" name=\"email-1\" \/><\/span><br \/>\n<span class=\"wpcf7-form-control-wrap\" data-name=\"nome-1\"><input size=\"40\" maxlength=\"400\" class=\"wpcf7-form-control wpcf7-text wpcf7-validates-as-required\" aria-required=\"true\" aria-invalid=\"false\" placeholder=\"Institui\u00e7\u00e3o\" value=\"\" type=\"text\" name=\"nome-1\" \/><\/span><br \/>\n<span class=\"wpcf7-form-control-wrap\" data-name=\"mensagem-1\"><textarea cols=\"40\" rows=\"10\" maxlength=\"2000\" class=\"wpcf7-form-control wpcf7-textarea wpcf7-validates-as-required\" aria-required=\"true\" aria-invalid=\"false\" placeholder=\"Mensagem\" name=\"mensagem-1\"><\/textarea><\/span><br \/>\n<span class=\"wpcf7-form-control-wrap\" data-name=\"acceptance-15\"><span class=\"wpcf7-form-control wpcf7-acceptance optional\"><span class=\"wpcf7-list-item\"><label><input type=\"checkbox\" name=\"acceptance-15\" value=\"1\" aria-invalid=\"false\" \/><span class=\"wpcf7-list-item-label\">Declaro que\u00a0li e compreendi\u00a0a informa\u00e7\u00e3o relativa \u00e0 <a href=\"https:\/\/upfarming.org\/pt-pt\/politica-de-privacidade\/\">recolha dos meus dados pessoais<\/a> pela Upfarming.<\/span><\/label><\/span><\/span><\/span>\n<\/p>\n<p><input class=\"wpcf7-form-control wpcf7-submit has-spinner\" type=\"submit\" value=\"Enviar\" \/>\n<\/p><div class=\"wpcf7-response-output\" aria-hidden=\"true\"><\/div>\n<\/form>\n<\/div>\n[\/vc_column][\/vc_row]<\/p>\n<\/div>","protected":false},"excerpt":{"rendered":"<p>[vc_row full_height=&#8221;yes&#8221; content_placement=&#8221;middle&#8221; el_id=&#8221;new-hero&#8221; el_class=&#8221;hero-box&#8221;][vc_column width=&#8221;5\/12&#8243;][vc_column_text css=&#8221;&#8221;] Investidores Sociais [\/vc_column_text][vc_column_text css=&#8221;&#8221;] Para tornar os nossos projetos poss\u00edveis, contamos com o apoio de investidores sociais. S\u00e3o eles que nos permitem implementar, fortalecer e manter o nosso trabalho no terreno, ampliando o impacto que levamos \u00e0s comunidades. [\/vc_column_text][vc_column_text css=&#8221;&#8221;]Apoie-nos a expandir o nosso impacto\u00a0atrav\u00e9s do financiamento de [&hellip;]<\/p>\n","protected":false},"author":4,"featured_media":0,"parent":0,"menu_order":0,"comment_status":"closed","ping_status":"closed","template":"","meta":{"_acf_changed":false,"footnotes":""},"class_list":["post-1621","page","type-page","status-publish","hentry"],"acf":[],"_links":{"self":[{"href":"https:\/\/upfarming.org\/pt-pt\/wp-json\/wp\/v2\/pages\/1621","targetHints":{"allow":["GET"]}}],"collection":[{"href":"https:\/\/upfarming.org\/pt-pt\/wp-json\/wp\/v2\/pages"}],"about":[{"href":"https:\/\/upfarming.org\/pt-pt\/wp-json\/wp\/v2\/types\/page"}],"author":[{"embeddable":true,"href":"https:\/\/upfarming.org\/pt-pt\/wp-json\/wp\/v2\/users\/4"}],"replies":[{"embeddable":true,"href":"https:\/\/upfarming.org\/pt-pt\/wp-json\/wp\/v2\/comments?post=1621"}],"version-history":[{"count":81,"href":"https:\/\/upfarming.org\/pt-pt\/wp-json\/wp\/v2\/pages\/1621\/revisions"}],"predecessor-version":[{"id":3182,"href":"https:\/\/upfarming.org\/pt-pt\/wp-json\/wp\/v2\/pages\/1621\/revisions\/3182"}],"wp:attachment":[{"href":"https:\/\/upfarming.org\/pt-pt\/wp-json\/wp\/v2\/media?parent=1621"}],"curies":[{"name":"wp","href":"https:\/\/api.w.org\/{rel}","templated":true}]}}