{"id":1683,"date":"2025-11-14T11:35:48","date_gmt":"2025-11-14T11:35:48","guid":{"rendered":"https:\/\/upfarming.org\/?page_id=1683"},"modified":"2026-03-02T07:35:09","modified_gmt":"2026-03-02T07:35:09","slug":"como-ajudar","status":"publish","type":"page","link":"https:\/\/upfarming.org\/pt-pt\/como-ajudar\/","title":{"rendered":"Como Ajudar"},"content":{"rendered":"<div class=\"wpb-content-wrapper\"><p>[vc_row full_height=&#8221;yes&#8221; content_placement=&#8221;middle&#8221; el_id=&#8221;new-hero&#8221; el_class=&#8221;hero-box&#8221; css=&#8221;.vc_custom_1770128984494{background-color: #C4C3D8 !important;}&#8221;][vc_column width=&#8221;5\/12&#8243;][vc_column_text css=&#8221;&#8221;]<\/p>\n<h2 class=\"headline\"><span class=\"underline-svg\">Como ajudar<\/span><br \/>\n<span class=\"underline-svg underline-svg-short\">a Upfarming<\/span><\/h2>\n<p>[\/vc_column_text][vc_column_text css=&#8221;&#8221;]<\/p>\n<h3>Para tornar os nossos projetos poss\u00edveis dependemos do apoio de investidores sociais e de pessoas individuais.\u00a0H\u00e1 v\u00e1rias formas de contribuir para esta transforma\u00e7\u00e3o: atrav\u00e9s de doa\u00e7\u00f5es, do voluntariado e do apoio direto aos nossos projetos.<\/h3>\n<p>[\/vc_column_text][vc_column_text css=&#8221;&#8221;]Junta-te a n\u00f3s na constru\u00e7\u00e3o de cidades mais verdes, justas e participativas.[\/vc_column_text][vc_row_inner][vc_column_inner css=&#8221;.vc_custom_1763120555665{margin-top: 35px !important;}&#8221;][vc_btn title=&#8221;Donativos&#8221; css=&#8221;.vc_custom_1763464888052{margin-right: 12px !important;background-color: #FFFFFF00 !important;border-color: #21472E !important;}&#8221; el_class=&#8221;button-link&#8221; link=&#8221;url:%23donativos&#8221;][vc_btn title=&#8221;Amigo&#8221; css=&#8221;.vc_custom_1763464895873{margin-right: 12px !important;background-color: #FFFFFF00 !important;border-color: #21472E !important;}&#8221; el_class=&#8221;button-link&#8221; link=&#8221;url:%23amigo&#8221;][vc_btn title=&#8221;Voluntariado&#8221; css=&#8221;.vc_custom_1763464902497{margin-right: 12px !important;background-color: #FFFFFF00 !important;border-color: #21472E !important;}&#8221; el_class=&#8221;button-link&#8221; link=&#8221;url:%23voluntariado&#8221;][vc_btn title=&#8221;Mecenato&#8221; css=&#8221;.vc_custom_1763464909596{margin-right: 12px !important;background-color: #FFFFFF00 !important;border-color: #21472E !important;}&#8221; el_class=&#8221;button-link&#8221; link=&#8221;url:%23mecenato&#8221;][\/vc_column_inner][\/vc_row_inner][\/vc_column][vc_column width=&#8221;7\/12&#8243;][vc_single_image image=&#8221;2807&#8243; img_size=&#8221;full&#8221; alignment=&#8221;center&#8221; css=&#8221;&#8221;][\/vc_column][\/vc_row][vc_row content_placement=&#8221;middle&#8221; css=&#8221;.vc_custom_1770129002013{background-color: #C4C3D8 !important;}&#8221;][vc_column][vc_raw_html css=&#8221;&#8221;]JTNDdmlkZW8lMjBhdXRvcGxheSUyMGxvb3AlMjBtdXRlZCUzRSUwQSUyMCUyMCUzQ3NvdXJjZSUyMHNyYyUzRCUyMmh0dHBzJTNBJTJGJTJGdXBmYXJtaW5nLm9yZyUyRndwLWNvbnRlbnQlMkZ1cGxvYWRzJTJGMjAyNiUyRjAxJTJGbGVpcmlhX3NlbXNvbS5tcDQlMjIlM0UlMEElMjAlMjBZb3VyJTIwYnJvd3NlciUyMGRvZXMlMjBub3QlMjBzdXBwb3J0JTIwdGhlJTIwdmlkZW8lMjB0YWcuJTBBJTNDJTJGdmlkZW8lM0U=[\/vc_raw_html][\/vc_column][\/vc_row][vc_row full_height=&#8221;yes&#8221; content_placement=&#8221;middle&#8221; el_id=&#8221;donativos&#8221; el_class=&#8221;hero-box&#8221; css=&#8221;.vc_custom_1770128748734{background-color: #A7A9D1 !important;}&#8221;][vc_column width=&#8221;1\/2&#8243;][vc_column_text css=&#8221;&#8221;]<\/p>\n<h2 class=\"headline\"><span class=\"underline-svg\">Donativos<\/span><\/h2>\n<p>[\/vc_column_text][vc_column_text css=&#8221;&#8221;]<\/p>\n<h3>Se pretende ser um doador regular, por favor envie-nos um e-mail para info@upfarming.org.<br \/>\nSe preferir fazer apenas uma doa\u00e7\u00e3o pontual, poder\u00e1 faz\u00ea-lo atrav\u00e9s dos seguintes meios:<\/h3>\n<p>[\/vc_column_text][vc_column_text css=&#8221;&#8221;]Transfer\u00eancia banc\u00e1ria<br \/>\nIBAN da Upfarming:\u00a0PT50 0010 0000 58545380001 38[\/vc_column_text][\/vc_column][vc_column width=&#8221;1\/2&#8243;][vc_single_image image=&#8221;2795&#8243; img_size=&#8221;full&#8221; alignment=&#8221;center&#8221; css=&#8221;&#8221;][\/vc_column][\/vc_row][vc_row el_id=&#8221;new-testemunhos&#8221; el_class=&#8221;testemunhos-box&#8221; css=&#8221;.vc_custom_1770128755906{background-color: #A7A9D1 !important;}&#8221;][vc_column][vc_row_inner][vc_column_inner css=&#8221;.vc_custom_1763465963235{margin-right: 0px !important;margin-left: 0px !important;}&#8221;][vc_column_text css=&#8221;&#8221;]<\/p>\n<h2 style=\"text-align: center;\">Testemunhos de <span class=\"underline-svg\">Transforma\u00e7\u00e3o<\/span><\/h2>\n<p>[\/vc_column_text][\/vc_column_inner][\/vc_row_inner][vc_row_inner gap=&#8221;20&#8243; el_class=&#8221;testemunhos-cards&#8221;][vc_column_inner el_class=&#8221;new-testemunhos-card&#8221; width=&#8221;1\/4&#8243;][vc_single_image image=&#8221;1357&#8243; img_size=&#8221;full&#8221; alignment=&#8221;center&#8221; css=&#8221;&#8221;][vc_column_text css=&#8221;&#8221;]<\/p>\n<h6 style=\"text-align: center;\">\u201cAdoro isto. \u00c9 como cuidar de um filho, com amor. Sinto-me feliz no meio destas plantas\u201d.<\/h6>\n<p>[\/vc_column_text][vc_column_text css=&#8221;&#8221;]<\/p>\n<p style=\"text-align: center;\">L\u00facio Tavares<br \/>\nbenefici\u00e1rio do projeto no EP de Torres Novas<\/p>\n<p>[\/vc_column_text][\/vc_column_inner][vc_column_inner el_class=&#8221;new-testemunhos-card&#8221; width=&#8221;1\/4&#8243;][vc_single_image image=&#8221;1363&#8243; img_size=&#8221;full&#8221; alignment=&#8221;center&#8221; css=&#8221;&#8221;][vc_column_text css=&#8221;&#8221;]<\/p>\n<h6 style=\"text-align: center;\">\u201cA Upfarming promove hortas com foco educativo e comunit\u00e1rio, incentivando um futuro mais verde\u201d<\/h6>\n<p>[\/vc_column_text][vc_column_text css=&#8221;&#8221;]<\/p>\n<p style=\"text-align: center;\">Jorgelina Mendes<br \/>\nprofessora na EB Dom Lu\u00eds da Cunha<\/p>\n<p>[\/vc_column_text][\/vc_column_inner][vc_column_inner el_class=&#8221;new-testemunhos-card&#8221; width=&#8221;1\/4&#8243;][vc_single_image image=&#8221;1359&#8243; img_size=&#8221;full&#8221; alignment=&#8221;center&#8221; css=&#8221;&#8221;][vc_column_text css=&#8221;&#8221;]<\/p>\n<h6 style=\"text-align: center;\">&#8220;\u00c9 com muito orgulho que colaboro com a Upfarming. Juntos estamos a transformar Lisboa numa cidade mais comest\u00edvel.&#8221;<\/h6>\n<p>[\/vc_column_text][vc_column_text css=&#8221;&#8221;]<\/p>\n<p style=\"text-align: center;\">Joaquim Espada<br \/>\nconsultor de agrofloresta<\/p>\n<p>[\/vc_column_text][\/vc_column_inner][vc_column_inner el_class=&#8221;new-testemunhos-card&#8221; width=&#8221;1\/4&#8243;][vc_single_image image=&#8221;1361&#8243; img_size=&#8221;full&#8221; alignment=&#8221;center&#8221; css=&#8221;&#8221;][vc_column_text css=&#8221;&#8221;]<\/p>\n<h6 style=\"text-align: center;\">&#8220;Cuidar da estufa faz-me sentir viva, \u00fatil e feliz. \u00c9 o meu rem\u00e9dio. Sinto-me em paz&#8221;<\/h6>\n<p>[\/vc_column_text][vc_column_text css=&#8221;&#8221;]<\/p>\n<p style=\"text-align: center;\">Laura Nobre<br \/>\nbenefici\u00e1ria do projeto da Estufa Comunit\u00e1ria de Alvalade<\/p>\n<p>[\/vc_column_text][\/vc_column_inner][\/vc_row_inner][\/vc_column][\/vc_row][vc_row full_height=&#8221;yes&#8221; content_placement=&#8221;middle&#8221; el_id=&#8221;amigo&#8221; el_class=&#8221;hero-box hero-box__flipped&#8221; css=&#8221;.vc_custom_1770129016759{background-color: #C4C3D8 !important;}&#8221;][vc_column width=&#8221;1\/2&#8243;][vc_single_image image=&#8221;1957&#8243; img_size=&#8221;full&#8221; alignment=&#8221;center&#8221; css=&#8221;&#8221;][\/vc_column][vc_column width=&#8221;1\/2&#8243;][vc_column_text css=&#8221;&#8221;]<\/p>\n<h2 class=\"headline\"><span class=\"underline-svg\">Amigo<\/span> da Upfarming<\/h2>\n<p>[\/vc_column_text][vc_column_text css=&#8221;&#8221;]<\/p>\n<h3>Os amigos da Upfarming s\u00e3o aliados fundamentais da nossa miss\u00e3o. Com donativos regulares, apoiam-nos na cria\u00e7\u00e3o de novos projetos, e fortalecem o trabalho que fazemos diariamente para promover cidades mais justas, comest\u00edveis e participativas.<\/h3>\n<p>[\/vc_column_text][vc_btn title=&#8221;Junte-se a n\u00f3s&#8221; css=&#8221;.vc_custom_1772033299401{margin-top: 35px !important;background-color: #FFFFFF00 !important;border-color: #21472E !important;}&#8221; el_class=&#8221;button-link&#8221; link=&#8221;url:mailto%3A%20info%40upfarming.org&#8221;][\/vc_column][\/vc_row][vc_row full_height=&#8221;yes&#8221; content_placement=&#8221;middle&#8221; el_id=&#8221;voluntariado&#8221; el_class=&#8221;hero-box&#8221; css=&#8221;.vc_custom_1770128764052{background-color: #A7A9D1 !important;}&#8221;][vc_column width=&#8221;1\/2&#8243;][vc_column_text css=&#8221;&#8221;]<\/p>\n<h2 class=\"headline\"><span class=\"underline-svg\">Voluntariado<\/span><\/h2>\n<p>[\/vc_column_text][vc_column_text css=&#8221;&#8221;]<\/p>\n<h3>Os volunt\u00e1rios s\u00e3o uma ajuda determinante para o sucesso dos nossos projetos. Na Upfarming, ter\u00e1s a oportunidade de colaborar em v\u00e1rios projetos e contactar com diferentes benefici\u00e1rios.<\/h3>\n<p>[\/vc_column_text][vc_column_text css=&#8221;&#8221;]Ajuda-nos a tornar Lisboa numa cidade mais comest\u00edvel atrav\u00e9s de atividades de sementeira, planta\u00e7\u00e3o e colheita nos nossos projetos.[\/vc_column_text][vc_btn title=&#8221;Junte-se a n\u00f3s&#8221; css=&#8221;.vc_custom_1772033311448{margin-top: 35px !important;background-color: #FFFFFF00 !important;border-color: #21472E !important;}&#8221; el_class=&#8221;button-link&#8221; link=&#8221;url:mailto%3Ainfo%40upfarming.org&#8221;][\/vc_column][vc_column width=&#8221;1\/2&#8243;][vc_single_image image=&#8221;2799&#8243; img_size=&#8221;full&#8221; alignment=&#8221;center&#8221; css=&#8221;&#8221;][\/vc_column][\/vc_row][vc_row full_height=&#8221;yes&#8221; content_placement=&#8221;middle&#8221; el_id=&#8221;mecenato&#8221; el_class=&#8221;hero-box&#8221; css=&#8221;.vc_custom_1770129025597{background-color: #C4C3D8 !important;}&#8221;][vc_column width=&#8221;1\/2&#8243;][vc_column_text css=&#8221;&#8221;]<\/p>\n<h2 class=\"headline\"><span class=\"underline-svg\">Mecenato<\/span><br \/>\npara empresas<\/h2>\n<p>[\/vc_column_text][vc_column_text css=&#8221;&#8221;]<\/p>\n<h3>Para tornar os nossos projetos poss\u00edveis, contamos com o apoio de mecenas. S\u00e3o eles que nos permitem implementar, fortalecer e manter o nosso trabalho no terreno, ampliando o impacto que levamos \u00e0s comunidades.<\/h3>\n<p>[\/vc_column_text][vc_column_text css=&#8221;&#8221;]Apoie-nos a expandir o nosso impacto\u00a0atrav\u00e9s do financiamento de um programa comest\u00edvel num bairro, numa escola, numa pris\u00e3o ou num hospital.[\/vc_column_text][vc_btn title=&#8221;Financie um programa&#8221; css=&#8221;.vc_custom_1772033335108{margin-top: 35px !important;background-color: #FFFFFF00 !important;border-color: #21472E !important;}&#8221; el_class=&#8221;button-link&#8221; link=&#8221;url:mailto%3Ainfo%40upfarming.org&#8221;][\/vc_column][vc_column width=&#8221;1\/2&#8243;][vc_single_image image=&#8221;2797&#8243; img_size=&#8221;full&#8221; alignment=&#8221;center&#8221; css=&#8221;&#8221;][\/vc_column][\/vc_row][vc_row el_id=&#8221;new-faqs&#8221;][vc_column width=&#8221;1\/2&#8243; el_class=&#8221;new-faqs-cards&#8221;][vc_column_text css=&#8221;&#8221;]<\/p>\n<h2>Perguntas mais frequentes<\/h2>\n<p>[\/vc_column_text][vc_tta_accordion section_title_tag=&#8221;p&#8221; style=&#8221;flat&#8221; shape=&#8221;square&#8221; gap=&#8221;15&#8243; c_align=&#8221;left&#8221; c_position=&#8221;right&#8221; active_section=&#8221;0&#8243; collapsible_all=&#8221;true&#8221;][vc_tta_section title=&#8221;Como posso fazer um donativo pontual \u00e0 Upfarming?&#8221; tab_id=&#8221;1749658212822-b0c35022-4817&#8243;][vc_column_text css=&#8221;&#8221;]Pode contribuir com um donativo \u00fanico atrav\u00e9s de uma transfer\u00eancia banc\u00e1ria para o IBAN da Upfarming, apoiando diretamente os nossos projetos de agricultura urbana. Cada contribui\u00e7\u00e3o faz a diferen\u00e7a na expans\u00e3o das nossas hortas verticais e na promo\u00e7\u00e3o de cidades mais comest\u00edveis.[\/vc_column_text][\/vc_tta_section][vc_tta_section title=&#8221;O que significa ser \u201cAmigo da Upfarming\u201d?&#8221; tab_id=&#8221;1749658212836-fb55b615-e4c6&#8243;][vc_column_text css=&#8221;&#8221;]Ser Amigo da Upfarming \u00e9 apoiar-nos regularmente atrav\u00e9s de donativos mensais, garantindo estabilidade e continuidade aos nossos projetos. Este apoio recorrente permite-nos planear melhor as nossas a\u00e7\u00f5es a longo prazo e ampliar o impacto social e ambiental das nossas iniciativas.[\/vc_column_text][\/vc_tta_section][vc_tta_section title=&#8221;Como posso ser volunt\u00e1rio na Upfarming?&#8221; tab_id=&#8221;1749658275506-d6428dbb-7fa1&#8243;][vc_column_text css=&#8221;&#8221;]Aceitamos volunt\u00e1rios para nos apoiarem nos nossos projetos no terreno, contribuindo diretamente para a manuten\u00e7\u00e3o das nossas hortas verticais e das atividades comunit\u00e1rias. Para se candidatar, envie-nos um email e iremos avaliar a viabilidade da sua participa\u00e7\u00e3o e indicar a melhor forma de se envolver.[\/vc_column_text][\/vc_tta_section][vc_tta_section title=&#8221;Como pode a minha empresa apoiar a Upfarming atrav\u00e9s de mecenato?&#8221; tab_id=&#8221;1749658283825-c46f5fcb-4540&#8243;][vc_column_text css=&#8221;&#8221;]A sua empresa pode tornar-se mecenas da Upfarming atrav\u00e9s de patroc\u00ednios, apoio a projetos espec\u00edficos ou parcerias de responsabilidade social corporativa. Contacte-nos para avaliarmos a viabilidade de uma eventual colabora\u00e7\u00e3o.[\/vc_column_text][\/vc_tta_section][vc_tta_section title=&#8221;Existem outras formas de apoiar a Upfarming al\u00e9m de donativos e voluntariado?&#8221; tab_id=&#8221;1749658306037-eed7c9c2-594d&#8221;][vc_column_text css=&#8221;&#8221;]Sim. Pode apoiar-nos atrav\u00e9s da divulga\u00e7\u00e3o da nossa miss\u00e3o, participa\u00e7\u00e3o em workshops, fornecimento de materiais ou servi\u00e7os, e at\u00e9 integrando-nos em cons\u00f3rcios ou projetos colaborativos que promovam a agricultura urbana e a sustentabilidade.[\/vc_column_text][\/vc_tta_section][\/vc_tta_accordion][\/vc_column][vc_column width=&#8221;1\/2&#8243; el_class=&#8221;new-faqs-cards&#8221;][vc_column_text css=&#8221;&#8221;]<\/p>\n<h2>Quer uma horta na sua institui\u00e7\u00e3o?<\/h2>\n<p>[\/vc_column_text][vc_column_text css=&#8221;&#8221;]Ajudamos a transformar espa\u00e7os dispon\u00edveis em hortas educativas, terap\u00eauticas ou produtivas, adaptadas \u00e0 realidade de cada organiza\u00e7\u00e3o.[\/vc_column_text]\n<div class=\"wpcf7 no-js\" id=\"wpcf7-f1404-o1\" lang=\"en-US\" dir=\"ltr\" data-wpcf7-id=\"1404\">\n<div class=\"screen-reader-response\"><p role=\"status\" aria-live=\"polite\" aria-atomic=\"true\"><\/p> <ul><\/ul><\/div>\n<form action=\"\/pt-pt\/wp-json\/wp\/v2\/pages\/1683#wpcf7-f1404-o1\" method=\"post\" class=\"wpcf7-form init\" aria-label=\"Contact form\" novalidate=\"novalidate\" data-status=\"init\">\n<fieldset class=\"hidden-fields-container\"><input type=\"hidden\" name=\"_wpcf7\" value=\"1404\" \/><input type=\"hidden\" name=\"_wpcf7_version\" value=\"6.1.5\" \/><input type=\"hidden\" name=\"_wpcf7_locale\" value=\"en_US\" \/><input type=\"hidden\" name=\"_wpcf7_unit_tag\" value=\"wpcf7-f1404-o1\" \/><input type=\"hidden\" name=\"_wpcf7_container_post\" value=\"0\" \/><input type=\"hidden\" name=\"_wpcf7_posted_data_hash\" value=\"\" \/><input type=\"hidden\" name=\"_wpcf7_recaptcha_response\" value=\"\" \/>\n<\/fieldset>\n<p><span class=\"wpcf7-form-control-wrap\" data-name=\"email-1\"><input size=\"40\" maxlength=\"400\" class=\"wpcf7-form-control wpcf7-email wpcf7-validates-as-required wpcf7-text wpcf7-validates-as-email\" aria-required=\"true\" aria-invalid=\"false\" placeholder=\"Email\" value=\"\" type=\"email\" name=\"email-1\" \/><\/span><br \/>\n<span class=\"wpcf7-form-control-wrap\" data-name=\"nome-1\"><input size=\"40\" maxlength=\"400\" class=\"wpcf7-form-control wpcf7-text wpcf7-validates-as-required\" aria-required=\"true\" aria-invalid=\"false\" placeholder=\"Institui\u00e7\u00e3o\" value=\"\" type=\"text\" name=\"nome-1\" \/><\/span><br \/>\n<span class=\"wpcf7-form-control-wrap\" data-name=\"mensagem-1\"><textarea cols=\"40\" rows=\"10\" maxlength=\"2000\" class=\"wpcf7-form-control wpcf7-textarea wpcf7-validates-as-required\" aria-required=\"true\" aria-invalid=\"false\" placeholder=\"Mensagem\" name=\"mensagem-1\"><\/textarea><\/span><br \/>\n<span class=\"wpcf7-form-control-wrap\" data-name=\"acceptance-15\"><span class=\"wpcf7-form-control wpcf7-acceptance optional\"><span class=\"wpcf7-list-item\"><label><input type=\"checkbox\" name=\"acceptance-15\" value=\"1\" aria-invalid=\"false\" \/><span class=\"wpcf7-list-item-label\">Declaro que\u00a0li e compreendi\u00a0a informa\u00e7\u00e3o relativa \u00e0 <a href=\"https:\/\/upfarming.org\/pt-pt\/politica-de-privacidade\/\">recolha dos meus dados pessoais<\/a> pela Upfarming.<\/span><\/label><\/span><\/span><\/span>\n<\/p>\n<p><input class=\"wpcf7-form-control wpcf7-submit has-spinner\" type=\"submit\" value=\"Enviar\" \/>\n<\/p><div class=\"wpcf7-response-output\" aria-hidden=\"true\"><\/div>\n<\/form>\n<\/div>\n[\/vc_column][\/vc_row]<\/p>\n<\/div>","protected":false},"excerpt":{"rendered":"<p>[vc_row full_height=&#8221;yes&#8221; content_placement=&#8221;middle&#8221; el_id=&#8221;new-hero&#8221; el_class=&#8221;hero-box&#8221; css=&#8221;.vc_custom_1770128984494{background-color: #C4C3D8 !important;}&#8221;][vc_column width=&#8221;5\/12&#8243;][vc_column_text css=&#8221;&#8221;] Como ajudar a Upfarming [\/vc_column_text][vc_column_text css=&#8221;&#8221;] Para tornar os nossos projetos poss\u00edveis dependemos do apoio de investidores sociais e de pessoas individuais.\u00a0H\u00e1 v\u00e1rias formas de contribuir para esta transforma\u00e7\u00e3o: atrav\u00e9s de doa\u00e7\u00f5es, do voluntariado e do apoio direto aos nossos projetos. [\/vc_column_text][vc_column_text css=&#8221;&#8221;]Junta-te a n\u00f3s [&hellip;]<\/p>\n","protected":false},"author":4,"featured_media":0,"parent":0,"menu_order":0,"comment_status":"closed","ping_status":"closed","template":"","meta":{"_acf_changed":false,"footnotes":""},"class_list":["post-1683","page","type-page","status-publish","hentry"],"acf":[],"_links":{"self":[{"href":"https:\/\/upfarming.org\/pt-pt\/wp-json\/wp\/v2\/pages\/1683","targetHints":{"allow":["GET"]}}],"collection":[{"href":"https:\/\/upfarming.org\/pt-pt\/wp-json\/wp\/v2\/pages"}],"about":[{"href":"https:\/\/upfarming.org\/pt-pt\/wp-json\/wp\/v2\/types\/page"}],"author":[{"embeddable":true,"href":"https:\/\/upfarming.org\/pt-pt\/wp-json\/wp\/v2\/users\/4"}],"replies":[{"embeddable":true,"href":"https:\/\/upfarming.org\/pt-pt\/wp-json\/wp\/v2\/comments?post=1683"}],"version-history":[{"count":31,"href":"https:\/\/upfarming.org\/pt-pt\/wp-json\/wp\/v2\/pages\/1683\/revisions"}],"predecessor-version":[{"id":2968,"href":"https:\/\/upfarming.org\/pt-pt\/wp-json\/wp\/v2\/pages\/1683\/revisions\/2968"}],"wp:attachment":[{"href":"https:\/\/upfarming.org\/pt-pt\/wp-json\/wp\/v2\/media?parent=1683"}],"curies":[{"name":"wp","href":"https:\/\/api.w.org\/{rel}","templated":true}]}}