{"id":1706,"date":"2025-11-18T11:44:36","date_gmt":"2025-11-18T11:44:36","guid":{"rendered":"https:\/\/upfarming.org\/?page_id=1706"},"modified":"2026-03-16T15:47:01","modified_gmt":"2026-03-16T15:47:01","slug":"rede","status":"publish","type":"page","link":"https:\/\/upfarming.org\/pt-pt\/rede\/","title":{"rendered":"Rede"},"content":{"rendered":"<div class=\"wpb-content-wrapper\"><p>[vc_row full_height=&#8221;yes&#8221; content_placement=&#8221;middle&#8221; el_id=&#8221;new-hero&#8221; el_class=&#8221;hero-box&#8221; css=&#8221;.vc_custom_1763466428700{background-color: #F6D487 !important;}&#8221;][vc_column width=&#8221;5\/12&#8243;][vc_column_text css=&#8221;&#8221;]<\/p>\n<h2 class=\"headline\"><span class=\"underline-svg\">Trabalho<\/span><br \/>\n<span class=\"underline-svg underline-svg-short\">em Rede<\/span><\/h2>\n<p>[\/vc_column_text][vc_column_text css=&#8221;&#8221;]<\/p>\n<h3>A promo\u00e7\u00e3o de cidades comest\u00edveis exige o trabalho em rede com um conjunto de parceiros estrat\u00e9gicos que partilham a nossa vis\u00e3o e compromisso.<\/h3>\n<p>[\/vc_column_text][vc_column_text css=&#8221;&#8221;]Colaboramos ativamente com institui\u00e7\u00f5es p\u00fablicas nacionais e europeias, bem como com organiza\u00e7\u00f5es acad\u00e9micas, cient\u00edficas e empresariais, criando sinergias que refor\u00e7am o impacto dos nossos projetos.[\/vc_column_text][\/vc_column][vc_column width=&#8221;7\/12&#8243;][vc_single_image image=&#8221;2837&#8243; img_size=&#8221;full&#8221; alignment=&#8221;center&#8221; css=&#8221;&#8221; el_class=&#8221;hero-image&#8221;][\/vc_column][\/vc_row][vc_row full_height=&#8221;yes&#8221; content_placement=&#8221;middle&#8221; el_id=&#8221;instituicoes-publicas&#8221; el_class=&#8221;hero-box&#8221; css=&#8221;.vc_custom_1763466640990{background-color: #FAD067 !important;}&#8221;][vc_column width=&#8221;1\/2&#8243;][vc_column_text css=&#8221;&#8221;]<\/p>\n<h2 class=\"headline\"><span class=\"underline-svg\">Institui\u00e7\u00f5es<\/span><br \/>\n<span class=\"underline-svg\">P\u00fablicas<\/span><\/h2>\n<p>[\/vc_column_text][vc_column_text css=&#8221;&#8221;]<\/p>\n<h3>Colaboramos com institui\u00e7\u00f5es p\u00fablicas de v\u00e1rios n\u00edveis, desde juntas de freguesia e c\u00e2maras municipais, a comunidades intermunicipais e redes colaborativas.<\/h3>\n<p>[\/vc_column_text][vc_btn title=&#8221;Contacte-nos!&#8221; css=&#8221;.vc_custom_1773675975612{margin-top: 35px !important;background-color: #FFFFFF00 !important;border-color: #21472E !important;}&#8221; el_class=&#8221;button-link&#8221; link=&#8221;url:https%3A%2F%2Fupfarming.org%2Fpt-pt%2Frede%2F%23contact-form&#8221;][vc_single_image image=&#8221;2210&#8243; img_size=&#8221;320&#215;77&#8243; css=&#8221;.vc_custom_1770219732647{margin-top: 2rem !important;margin-bottom: 2rem !important;border-bottom-width: 1px !important;padding-bottom: 2rem !important;border-bottom-style: solid !important;border-color: #21472E !important;}&#8221;][vc_column_text css=&#8221;&#8221;]Integramos a rede colaborativa FoodLink, lan\u00e7ada em 2022 na \u00c1rea Metropolitana de Lisboa (AML), com o objetivo de promover a transi\u00e7\u00e3o para sistemas alimentares mais sustent\u00e1veis, inclusivos e resilientes.[\/vc_column_text][vc_btn title=&#8221;Saber mais&#8221; css=&#8221;.vc_custom_1773675968096{margin-top: 35px !important;background-color: #FFFFFF00 !important;border-color: #21472E !important;}&#8221; el_class=&#8221;button-link&#8221; link=&#8221;url:https%3A%2F%2Fupfarming.org%2Fpt-pt%2Frede%2F%23contact-form&#8221;][\/vc_column][vc_column width=&#8221;1\/2&#8243;][vc_single_image image=&#8221;2831&#8243; img_size=&#8221;full&#8221; alignment=&#8221;center&#8221; css=&#8221;&#8221; el_class=&#8221;hero-image&#8221;][\/vc_column][\/vc_row][vc_row full_height=&#8221;yes&#8221; content_placement=&#8221;middle&#8221; el_class=&#8221;hero-box hero-box__flipped&#8221; css=&#8221;.vc_custom_1763480286219{background-color: #F6D487 !important;}&#8221; el_id=&#8221;projetos-europeus&#8221;][vc_column width=&#8221;1\/2&#8243;][vc_single_image image=&#8221;2835&#8243; img_size=&#8221;full&#8221; alignment=&#8221;center&#8221; css=&#8221;&#8221; el_class=&#8221;hero-image&#8221;][\/vc_column][vc_column width=&#8221;1\/2&#8243;][vc_column_text css=&#8221;&#8221;]<\/p>\n<h2 class=\"headline\"><span class=\"underline-svg\">Projectos<\/span><br \/>\n<span class=\"underline-svg\">Europeus<\/span><\/h2>\n<p>[\/vc_column_text][vc_column_text css=&#8221;&#8221;]Atualmente, integramos um cons\u00f3rcio europeu financiado pelo programa Horizonte Europa e estamos interessados em participar noutros cons\u00f3rcios com parceiros europeus. Estamos dispon\u00edveis para avaliar novas oportunidades de colabora\u00e7\u00e3o e estabelecer parcerias para a cria\u00e7\u00e3o de futuros cons\u00f3rcios.[\/vc_column_text][vc_btn title=&#8221;Contacte-nos!&#8221; css=&#8221;.vc_custom_1773675985124{margin-top: 35px !important;background-color: #FFFFFF00 !important;border-color: #21472E !important;}&#8221; el_class=&#8221;button-link&#8221; link=&#8221;url:https%3A%2F%2Fupfarming.org%2Fpt-pt%2Frede%2F%23contact-form&#8221;][vc_row_inner gap=&#8221;25&#8243;][vc_column_inner width=&#8221;1\/2&#8243;][vc_single_image image=&#8221;1734&#8243; img_size=&#8221;152&#215;118&#8243; alignment=&#8221;center&#8221; css=&#8221;&#8221;][vc_column_text css=&#8221;.vc_custom_1770219910700{margin-top: 20px !important;border-top-width: 1px !important;padding-top: 20px !important;border-top-style: solid !important;border-color: #21472E !important;}&#8221;]Integramos o projeto europeu Cultivate financiado pelo Fundo Horizonte Europa 2020.<\/p>\n<p>O projeto come\u00e7ou em 2023 e tem uma dura\u00e7\u00e3o de 4 anos. Conta com 19 parceiros europeus, desde o sector da academia at\u00e9 ao empreendedorismo social, com o objectivo de analisar, desenvolver e replicar projectos e redes de partilha alimentar.[\/vc_column_text][vc_btn title=&#8221;Saber mais&#8221; align=&#8221;center&#8221; css=&#8221;.vc_custom_1773675994154{margin-top: 35px !important;background-color: #FFFFFF00 !important;border-color: #21472E !important;}&#8221; el_class=&#8221;button-link&#8221; link=&#8221;url:https%3A%2F%2Fupfarming.org%2Fpt-pt%2Frede%2F%23contact-form&#8221;][\/vc_column_inner][vc_column_inner width=&#8221;1\/2&#8243;][vc_single_image image=&#8221;2894&#8243; img_size=&#8221;260&#215;118&#8243; alignment=&#8221;center&#8221; css=&#8221;&#8221;][vc_column_text css=&#8221;.vc_custom_1770219920796{margin-top: 20px !important;border-top-width: 1px !important;padding-top: 20px !important;border-top-style: solid !important;border-color: #21472E !important;}&#8221;]O projeto desenvolvido pela Upfarming na Escola B\u00e1sica Dom Lu\u00eds da Cunha venceu o Pr\u00e9mio Europeu New European Bauhaus, que distingue projetos pela sua beleza, sustentabilidade e inclus\u00e3o.[\/vc_column_text][vc_btn title=&#8221;Saber mais&#8221; align=&#8221;center&#8221; css=&#8221;.vc_custom_1773676000562{margin-top: 35px !important;background-color: #FFFFFF00 !important;border-color: #21472E !important;}&#8221; el_class=&#8221;button-link&#8221; link=&#8221;url:https%3A%2F%2Fupfarming.org%2Fpt-pt%2Frede%2F%23contact-form&#8221;][\/vc_column_inner][\/vc_row_inner][\/vc_column][\/vc_row][vc_row full_height=&#8221;yes&#8221; content_placement=&#8221;middle&#8221; el_class=&#8221;hero-box&#8221; css=&#8221;.vc_custom_1763480295432{background-color: #FAD067 !important;}&#8221; el_id=&#8221;pesquisa-desenvolvimento&#8221;][vc_column width=&#8221;1\/2&#8243;][vc_column_text css=&#8221;&#8221;]<\/p>\n<h2 class=\"headline\"><span class=\"underline-svg\">Pesquisa<\/span><br \/>\n<span class=\"underline-svg\">e Desenvolvimento<\/span><\/h2>\n<p>[\/vc_column_text][vc_column_text css=&#8221;&#8221;]Temos interesse em estabelecer parcerias com institui\u00e7\u00f5es de ensino superior para desenvolver projetos de investiga\u00e7\u00e3o que aprofundem o conhecimento na nossa \u00e1rea de atividade.[\/vc_column_text][vc_btn title=&#8221;Contacte-nos!&#8221; css=&#8221;.vc_custom_1773676007657{margin-top: 35px !important;background-color: #FFFFFF00 !important;border-color: #21472E !important;}&#8221; el_class=&#8221;button-link&#8221; link=&#8221;url:https%3A%2F%2Fupfarming.org%2Fpt-pt%2Frede%2F%23contact-form&#8221;][vc_single_image image=&#8221;3003&#8243; img_size=&#8221;562&#215;172&#8243; css=&#8221;&#8221;][\/vc_column][vc_column width=&#8221;1\/2&#8243;][vc_single_image image=&#8221;2833&#8243; img_size=&#8221;full&#8221; alignment=&#8221;center&#8221; css=&#8221;&#8221; el_class=&#8221;hero-image&#8221;][\/vc_column][\/vc_row][vc_row el_id=&#8221;testemunhos-estagios&#8221; el_class=&#8221;testemunhos-box&#8221; css=&#8221;.vc_custom_1763466582438{background-color: #F6D487 !important;}&#8221;][vc_column][vc_row_inner gap=&#8221;35&#8243; css=&#8221;.vc_custom_1763480930654{margin-bottom: 52px !important;}&#8221;][vc_column_inner width=&#8221;1\/4&#8243;][vc_single_image image=&#8221;1744&#8243; img_size=&#8221;full&#8221; css=&#8221;&#8221;][vc_btn title=&#8221;Contacte-nos!&#8221; css=&#8221;.vc_custom_1773676013651{margin-top: 35px !important;background-color: #FFFFFF00 !important;border-color: #21472E !important;}&#8221; el_class=&#8221;button-link&#8221; link=&#8221;url:https%3A%2F%2Fupfarming.org%2Fpt-pt%2Frede%2F%23contact-form&#8221;][\/vc_column_inner][vc_column_inner width=&#8221;3\/4&#8243;][vc_column_text css=&#8221;&#8221;]<\/p>\n<h3>Recebemos anualmente estagi\u00e1rios ao abrigo do programa Erasmus+, apoiando o seu desenvolvimento acad\u00e9mico e profissional enquanto colaboram em projetos relevantes e ganham experi\u00eancia na nossa \u00e1rea de atividade.<\/h3>\n<p>[\/vc_column_text][\/vc_column_inner][\/vc_row_inner][\/vc_column][\/vc_row][vc_row content_placement=&#8221;middle&#8221; css=&#8221;.vc_custom_1763466484640{background-color: #F6D487 !important;}&#8221;][vc_column][vc_raw_html css=&#8221;&#8221;]JTNDdmlkZW8lMjBhdXRvcGxheSUyMGxvb3AlMjBtdXRlZCUzRSUwQSUyMCUyMCUzQ3NvdXJjZSUyMHNyYyUzRCUyMmh0dHBzJTNBJTJGJTJGdXBmYXJtaW5nLm9yZyUyRndwLWNvbnRlbnQlMkZ1cGxvYWRzJTJGMjAyNiUyRjAyJTJGVmklQ0MlODFkZW8ta2Fvc3BpbG90X3NlbS1sZWdlbmRhc19zZW0tdm96Lm1wNCUyMiUzRSUwQSUyMCUyMFlvdXIlMjBicm93c2VyJTIwZG9lcyUyMG5vdCUyMHN1cHBvcnQlMjB0aGUlMjB2aWRlbyUyMHRhZy4lMEElM0MlMkZ2aWRlbyUzRQ==[\/vc_raw_html][\/vc_column][\/vc_row][vc_row el_id=&#8221;new-noticias&#8221; css=&#8221;.vc_custom_1772205609194{background-color: #F6D487 !important;}&#8221;][vc_column width=&#8221;1\/4&#8243;][vc_column_text css=&#8221;&#8221;]<\/p>\n<h2 class=\"headline\"><span class=\"underline-svg\">Not\u00edcias<\/span><br \/>\n<span class=\"underline-svg\">e Eventos<\/span><\/h2>\n<p>[\/vc_column_text][\/vc_column][vc_column width=&#8221;3\/4&#8243;][vc_row_inner gap=&#8221;30&#8243;][vc_column_inner el_class=&#8221;new-testemunhos-card&#8221; width=&#8221;1\/3&#8243;][vc_single_image image=&#8221;1378&#8243; img_size=&#8221;full&#8221; alignment=&#8221;center&#8221; css=&#8221;.vc_custom_1770652203759{margin-bottom: 25px !important;}&#8221;][vc_column_text css=&#8221;&#8221; el_class=&#8221;new-noticias-p-line&#8221;]<\/p>\n<h4>Upfarming nas Impact Talks+<\/h4>\n<p>[\/vc_column_text][vc_column_text css=&#8221;&#8221; el_class=&#8221;new-noticias-p-line&#8221;]30 SET 2025[\/vc_column_text][vc_column_text css=&#8221;&#8221;]A Upfarming marcou presen\u00e7a nas Impact Talks+, onde tivemos a oportunidade de partilhar como a agricultura vertical pode transformar cidades e criar novas oportunidades de produ\u00e7\u00e3o, aprendizagem e comunidade. Obrigado \u00e0 Oeste Respira pelo convite![\/vc_column_text][\/vc_column_inner][vc_column_inner el_class=&#8221;new-testemunhos-card&#8221; width=&#8221;1\/3&#8243;][vc_single_image image=&#8221;1380&#8243; img_size=&#8221;full&#8221; alignment=&#8221;center&#8221; css=&#8221;.vc_custom_1770652212638{margin-bottom: 25px !important;}&#8221;][vc_column_text css=&#8221;&#8221; el_class=&#8221;new-noticias-p-line&#8221;]<\/p>\n<h4>Participa\u00e7\u00e3o na Semana da Alimenta\u00e7\u00e3o<\/h4>\n<p>[\/vc_column_text][vc_column_text css=&#8221;&#8221; el_class=&#8221;new-noticias-p-line&#8221;]23 SET 2025[\/vc_column_text][vc_column_text css=&#8221;&#8221;]O nosso cofundador, Tiago S\u00e1 Gomes, participou na Semana da Alimenta\u00e7\u00e3o a convite da C\u00e2mara Municipal do Funchal, onde destacou o papel da agricultura vertical na aproxima\u00e7\u00e3o entre produ\u00e7\u00e3o e comunidade. Mostrou tamb\u00e9m como cultivar em ambiente urbano pode promover sustentabilidade e bem-estar.[\/vc_column_text][\/vc_column_inner][vc_column_inner el_class=&#8221;new-testemunhos-card&#8221; width=&#8221;1\/3&#8243;][vc_single_image image=&#8221;1493&#8243; img_size=&#8221;full&#8221; alignment=&#8221;center&#8221; css=&#8221;.vc_custom_1770652223861{margin-bottom: 25px !important;}&#8221;][vc_column_text css=&#8221;&#8221; el_class=&#8221;new-noticias-p-line&#8221;]<\/p>\n<h4>Conversa na Second Home Lisboa<\/h4>\n<p>[\/vc_column_text][vc_column_text css=&#8221;&#8221; el_class=&#8221;new-noticias-p-line&#8221;]8 MAI 2025[\/vc_column_text][vc_column_text css=&#8221;&#8221;]Estiv\u00e9mos na Second Home Lisboa para a primeira sess\u00e3o do ciclo Explorer&#8217;s Mind. Fal\u00e1mos sobre como a agricultura pode transformar espa\u00e7os improv\u00e1veis em lugares de reintegra\u00e7\u00e3o e futuro.[\/vc_column_text][\/vc_column_inner][\/vc_row_inner][\/vc_column][\/vc_row][vc_row el_id=&#8221;new-faqs&#8221;][vc_column width=&#8221;1\/2&#8243; el_class=&#8221;new-faqs-cards&#8221;][vc_column_text css=&#8221;&#8221;]<\/p>\n<h2>Perguntas mais frequentes<\/h2>\n<p>[\/vc_column_text][vc_tta_accordion section_title_tag=&#8221;p&#8221; style=&#8221;flat&#8221; shape=&#8221;square&#8221; gap=&#8221;15&#8243; c_align=&#8221;left&#8221; c_position=&#8221;right&#8221; active_section=&#8221;0&#8243; collapsible_all=&#8221;true&#8221;][vc_tta_section title=&#8221;Como podemos tornar-nos parceiros da Upfarming?&#8221; tab_id=&#8221;1749658212822-b0c35022-4817&#8243;][vc_column_text css=&#8221;&#8221;]Podem contactar-nos via e-mail e agendamos uma reuni\u00e3o para explorar eventuais sinergias entre as nossas e as vossas atividades.[\/vc_column_text][\/vc_tta_section][vc_tta_section title=&#8221;Como podemos integrar um cons\u00f3rcio europeu com a Upfarming?&#8221; tab_id=&#8221;1749658212836-fb55b615-e4c6&#8243;][vc_column_text css=&#8221;&#8221;]Estamos abertos a participar em projetos europeus que promovam sustentabilidade, inova\u00e7\u00e3o e impacto social. Se lideram ou participam num cons\u00f3rcio, contactem-nos para avaliarmos e definirmos a melhor forma de colaborar convosco.[\/vc_column_text][\/vc_tta_section][vc_tta_section title=&#8221;Quais os crit\u00e9rios para colaborar em projetos nacionais e\/ou europeus com a Upfarming?&#8221; tab_id=&#8221;1749658275506-d6428dbb-7fa1&#8243;][vc_column_text css=&#8221;&#8221;]Valorizamos parcerias que tragam complementaridade t\u00e9cnica, inova\u00e7\u00e3o, capacidade de execu\u00e7\u00e3o e alinhamento com a nossa miss\u00e3o.[\/vc_column_text][\/vc_tta_section][vc_tta_section title=&#8221;Como posso estagiar na Upfarming?&#8221; tab_id=&#8221;1749658283825-c46f5fcb-4540&#8243;][vc_column_text css=&#8221;&#8221;]A Upfarming recebe estagi\u00e1rios em \u00e1reas como agricultura urbana, sustentabilidade, inova\u00e7\u00e3o, comunica\u00e7\u00e3o e gest\u00e3o de projetos. Envia-nos a tua candidatura via e-mail e trataremos de a analisar.[\/vc_column_text][\/vc_tta_section][vc_tta_section title=&#8221;Como podemos colaborar com a Upfarming em projetos de investiga\u00e7\u00e3o acad\u00e9mica?&#8221; tab_id=&#8221;1749658306037-eed7c9c2-594d&#8221;][vc_column_text css=&#8221;&#8221;]Estamos interessados em estabelecer parcerias com institui\u00e7\u00f5es de ensino superior para desenvolver projetos de investiga\u00e7\u00e3o que aprofundem o conhecimento na \u00e1rea da agricultura urbana, literacia alimentar e inclus\u00e3o social. Se a sua institui\u00e7\u00e3o pretende explorar novas solu\u00e7\u00f5es ou estudar o impacto das nossas iniciativas, entre em contacto connosco para definirmos oportunidades de colabora\u00e7\u00e3o conjunta.[\/vc_column_text][\/vc_tta_section][\/vc_tta_accordion][\/vc_column][vc_column width=&#8221;1\/2&#8243; el_class=&#8221;new-faqs-cards&#8221; el_id=&#8221;contact-form&#8221;][vc_column_text css=&#8221;&#8221;]<\/p>\n<h2>Quer uma horta na sua institui\u00e7\u00e3o?<\/h2>\n<p>[\/vc_column_text][vc_column_text css=&#8221;&#8221;]Ajudamos a transformar espa\u00e7os dispon\u00edveis em hortas educativas, terap\u00eauticas ou produtivas, adaptadas \u00e0 realidade de cada organiza\u00e7\u00e3o.[\/vc_column_text]\n<div class=\"wpcf7 no-js\" id=\"wpcf7-f1404-o1\" lang=\"en-US\" dir=\"ltr\" data-wpcf7-id=\"1404\">\n<div class=\"screen-reader-response\"><p role=\"status\" aria-live=\"polite\" aria-atomic=\"true\"><\/p> <ul><\/ul><\/div>\n<form action=\"\/pt-pt\/wp-json\/wp\/v2\/pages\/1706#wpcf7-f1404-o1\" method=\"post\" class=\"wpcf7-form init\" aria-label=\"Contact form\" novalidate=\"novalidate\" data-status=\"init\">\n<fieldset class=\"hidden-fields-container\"><input type=\"hidden\" name=\"_wpcf7\" value=\"1404\" \/><input type=\"hidden\" name=\"_wpcf7_version\" value=\"6.1.5\" \/><input type=\"hidden\" name=\"_wpcf7_locale\" value=\"en_US\" \/><input type=\"hidden\" name=\"_wpcf7_unit_tag\" value=\"wpcf7-f1404-o1\" \/><input type=\"hidden\" name=\"_wpcf7_container_post\" value=\"0\" \/><input type=\"hidden\" name=\"_wpcf7_posted_data_hash\" value=\"\" \/><input type=\"hidden\" name=\"_wpcf7_recaptcha_response\" value=\"\" \/>\n<\/fieldset>\n<p><span class=\"wpcf7-form-control-wrap\" data-name=\"email-1\"><input size=\"40\" maxlength=\"400\" class=\"wpcf7-form-control wpcf7-email wpcf7-validates-as-required wpcf7-text wpcf7-validates-as-email\" aria-required=\"true\" aria-invalid=\"false\" placeholder=\"Email\" value=\"\" type=\"email\" name=\"email-1\" \/><\/span><br \/>\n<span class=\"wpcf7-form-control-wrap\" data-name=\"nome-1\"><input size=\"40\" maxlength=\"400\" class=\"wpcf7-form-control wpcf7-text wpcf7-validates-as-required\" aria-required=\"true\" aria-invalid=\"false\" placeholder=\"Institui\u00e7\u00e3o\" value=\"\" type=\"text\" name=\"nome-1\" \/><\/span><br \/>\n<span class=\"wpcf7-form-control-wrap\" data-name=\"mensagem-1\"><textarea cols=\"40\" rows=\"10\" maxlength=\"2000\" class=\"wpcf7-form-control wpcf7-textarea wpcf7-validates-as-required\" aria-required=\"true\" aria-invalid=\"false\" placeholder=\"Mensagem\" name=\"mensagem-1\"><\/textarea><\/span><br \/>\n<span class=\"wpcf7-form-control-wrap\" data-name=\"acceptance-15\"><span class=\"wpcf7-form-control wpcf7-acceptance optional\"><span class=\"wpcf7-list-item\"><label><input type=\"checkbox\" name=\"acceptance-15\" value=\"1\" aria-invalid=\"false\" \/><span class=\"wpcf7-list-item-label\">Declaro que\u00a0li e compreendi\u00a0a informa\u00e7\u00e3o relativa \u00e0 <a href=\"https:\/\/upfarming.org\/pt-pt\/politica-de-privacidade\/\">recolha dos meus dados pessoais<\/a> pela Upfarming.<\/span><\/label><\/span><\/span><\/span>\n<\/p>\n<p><input class=\"wpcf7-form-control wpcf7-submit has-spinner\" type=\"submit\" value=\"Enviar\" \/>\n<\/p><div class=\"wpcf7-response-output\" aria-hidden=\"true\"><\/div>\n<\/form>\n<\/div>\n[\/vc_column][\/vc_row]<\/p>\n<\/div>","protected":false},"excerpt":{"rendered":"<p>[vc_row full_height=&#8221;yes&#8221; content_placement=&#8221;middle&#8221; el_id=&#8221;new-hero&#8221; el_class=&#8221;hero-box&#8221; css=&#8221;.vc_custom_1763466428700{background-color: #F6D487 !important;}&#8221;][vc_column width=&#8221;5\/12&#8243;][vc_column_text css=&#8221;&#8221;] Trabalho em Rede [\/vc_column_text][vc_column_text css=&#8221;&#8221;] A promo\u00e7\u00e3o de cidades comest\u00edveis exige o trabalho em rede com um conjunto de parceiros estrat\u00e9gicos que partilham a nossa vis\u00e3o e compromisso. [\/vc_column_text][vc_column_text css=&#8221;&#8221;]Colaboramos ativamente com institui\u00e7\u00f5es p\u00fablicas nacionais e europeias, bem como com organiza\u00e7\u00f5es acad\u00e9micas, cient\u00edficas e empresariais, [&hellip;]<\/p>\n","protected":false},"author":4,"featured_media":0,"parent":0,"menu_order":0,"comment_status":"closed","ping_status":"closed","template":"","meta":{"_acf_changed":false,"footnotes":""},"class_list":["post-1706","page","type-page","status-publish","hentry"],"acf":[],"_links":{"self":[{"href":"https:\/\/upfarming.org\/pt-pt\/wp-json\/wp\/v2\/pages\/1706","targetHints":{"allow":["GET"]}}],"collection":[{"href":"https:\/\/upfarming.org\/pt-pt\/wp-json\/wp\/v2\/pages"}],"about":[{"href":"https:\/\/upfarming.org\/pt-pt\/wp-json\/wp\/v2\/types\/page"}],"author":[{"embeddable":true,"href":"https:\/\/upfarming.org\/pt-pt\/wp-json\/wp\/v2\/users\/4"}],"replies":[{"embeddable":true,"href":"https:\/\/upfarming.org\/pt-pt\/wp-json\/wp\/v2\/comments?post=1706"}],"version-history":[{"count":60,"href":"https:\/\/upfarming.org\/pt-pt\/wp-json\/wp\/v2\/pages\/1706\/revisions"}],"predecessor-version":[{"id":3119,"href":"https:\/\/upfarming.org\/pt-pt\/wp-json\/wp\/v2\/pages\/1706\/revisions\/3119"}],"wp:attachment":[{"href":"https:\/\/upfarming.org\/pt-pt\/wp-json\/wp\/v2\/media?parent=1706"}],"curies":[{"name":"wp","href":"https:\/\/api.w.org\/{rel}","templated":true}]}}