{"id":1760,"date":"2025-11-21T10:08:39","date_gmt":"2025-11-21T10:08:39","guid":{"rendered":"https:\/\/upfarming.org\/?page_id=1760"},"modified":"2026-03-11T15:28:27","modified_gmt":"2026-03-11T15:28:27","slug":"prisoes","status":"publish","type":"page","link":"https:\/\/upfarming.org\/pt-pt\/projectos\/prisoes\/","title":{"rendered":"Pris\u00f5es"},"content":{"rendered":"<div class=\"wpb-content-wrapper\"><p>[vc_row full_height=&#8221;yes&#8221; content_placement=&#8221;middle&#8221; el_id=&#8221;new-hero&#8221; el_class=&#8221;hero-box&#8221;][vc_column width=&#8221;5\/12&#8243;][vc_column_text css=&#8221;&#8221;]<\/p>\n<h2 class=\"headline\"><span class=\"underline-svg\">Pris\u00f5es<\/span><br \/>\n<span class=\"underline-svg underline-svg-short\">Comest\u00edveis<\/span><\/h2>\n<p>[\/vc_column_text][vc_column_text css=&#8221;&#8221;]<\/p>\n<h3>Este portef\u00f3lio pretende transformar os espa\u00e7os prisionais em ambientes vivos de aprendizagem, responsabilidade e esperan\u00e7a.<\/h3>\n<h3>Cada projeto promove\u00a0o crescimento pessoal, social e profissional das pessoas privadas de liberdade, atrav\u00e9s da cria\u00e7\u00e3o de hortas verticais, onde os desafios se transformam em oportunidades e onde \u00e9 poss\u00edvel cultivar novos projetos de vida.<\/h3>\n<p>[\/vc_column_text][vc_column_text css=&#8221;&#8221;]Para al\u00e9m da produ\u00e7\u00e3o sustent\u00e1vel de alimentos, cada projeto &#8220;Semear Esperan\u00e7a&#8221; promove o desenvolvimento de compet\u00eancias pessoais, sociais e profissionais essenciais \u00e0 reintegra\u00e7\u00e3o social.[\/vc_column_text][\/vc_column][vc_column width=&#8221;7\/12&#8243;][vc_single_image image=&#8221;2829&#8243; img_size=&#8221;full&#8221; alignment=&#8221;center&#8221; css=&#8221;&#8221; el_class=&#8221;hero-image&#8221;][\/vc_column][\/vc_row][vc_row el_id=&#8221;post-grid&#8221;][vc_column][vc_basic_grid post_type=&#8221;project&#8221; max_items=&#8221;-1&#8243; element_width=&#8221;6&#8243; css=&#8221;&#8221; grid_id=&#8221;vc_gid:1773242871927-353172b0-4014-1&#8243; taxonomies=&#8221;23&#8243;][\/vc_column][\/vc_row][vc_row content_placement=&#8221;middle&#8221;][vc_column][vc_raw_html css=&#8221;&#8221;]JTNDdmlkZW8lMjBhdXRvcGxheSUyMGxvb3AlMjBtdXRlZCUzRSUwQSUyMCUyMCUzQ3NvdXJjZSUyMHNyYyUzRCUyMmh0dHBzJTNBJTJGJTJGdXBmYXJtaW5nLm9yZyUyRndwLWNvbnRlbnQlMkZ1cGxvYWRzJTJGMjAyNiUyRjAyJTJGQ28lQ0MlODFwaWEtZGUtbGVpcmlhX3ZpZGVvLTFfMTY5Lm1wNCUyMiUzRSUwQSUyMCUyMFlvdXIlMjBicm93c2VyJTIwZG9lcyUyMG5vdCUyMHN1cHBvcnQlMjB0aGUlMjB2aWRlbyUyMHRhZy4lMEElM0MlMkZ2aWRlbyUzRQ==[\/vc_raw_html][\/vc_column][\/vc_row][vc_row content_placement=&#8221;middle&#8221; el_id=&#8221;problematica&#8221; el_class=&#8221;hero-box&#8221;][vc_column width=&#8221;1\/2&#8243;][vc_column_text css=&#8221;&#8221;]<\/p>\n<h2 class=\"headline\"><span class=\"underline-svg\">Problem\u00e1tica<\/span><\/h2>\n<p>[\/vc_column_text][vc_column_text css=&#8221;&#8221;]<\/p>\n<h3>A reincid\u00eancia criminal continua a ser um dos principais desafios do sistema prisional, com elevados custos humanos, sociais e econ\u00f3micos. O estigma associado ao percurso prisional dificulta o acesso ao emprego e perpetua ciclos de exclus\u00e3o social. Em simult\u00e2neo, a experi\u00eancia de reclus\u00e3o est\u00e1 frequentemente associada ao aumento de sentimentos como tristeza, ansiedade, raiva e solid\u00e3o, com impacto direto nas pessoas privadas de liberdade e nas suas fam\u00edlias. Sem respostas estruturadas e humanizadas, estes fatores comprometem a reintegra\u00e7\u00e3o social e o cultivo de projetos de vida sustent\u00e1veis ap\u00f3s a liberta\u00e7\u00e3o.<\/h3>\n<p>[\/vc_column_text][\/vc_column][vc_column width=&#8221;1\/2&#8243;][vc_single_image image=&#8221;2827&#8243; img_size=&#8221;full&#8221; alignment=&#8221;center&#8221; css=&#8221;&#8221; el_class=&#8221;hero-image&#8221;][\/vc_column][\/vc_row][vc_row content_placement=&#8221;middle&#8221; el_class=&#8221;hero-box hero-box__flipped&#8221; el_id=&#8221;metodologia&#8221;][vc_column width=&#8221;1\/2&#8243;][vc_single_image image=&#8221;2825&#8243; img_size=&#8221;full&#8221; alignment=&#8221;center&#8221; css=&#8221;&#8221; el_class=&#8221;hero-image&#8221;][\/vc_column][vc_column width=&#8221;1\/2&#8243;][vc_column_text css=&#8221;&#8221;]<\/p>\n<h2 class=\"headline\"><span class=\"underline-svg\">Metodologia<\/span><\/h2>\n<p>[\/vc_column_text][vc_column_text css=&#8221;&#8221;]<\/p>\n<h3>A metodologia assenta na aprendizagem pr\u00e1tica, centrada no aprender fazendo, com aplica\u00e7\u00e3o direta dos conhecimentos adquiridos e desenvolvimento de compet\u00eancias t\u00e9cnicas, pessoais e sociais.<\/h3>\n<h3>O contacto regular com a natureza e com os ciclos da produ\u00e7\u00e3o alimentar desempenha um papel central no processo formativo, promovendo bem-estar emocional, sentido de responsabilidade e reconex\u00e3o pessoal. A metodologia \u00e9 complementada por aprendizagem cooperativa, incentivando o trabalho em equipa, a partilha de responsabilidades e a resolu\u00e7\u00e3o conjunta de problemas.<\/h3>\n<p>[\/vc_column_text][\/vc_column][\/vc_row][vc_row content_placement=&#8221;middle&#8221; el_id=&#8221;new-impacto&#8221; css=&#8221;.vc_custom_1763720717396{background-color: #F1E9DA !important;}&#8221;][vc_column width=&#8221;1\/4&#8243;][vc_column_text css=&#8221;&#8221;]<\/p>\n<h2>Impacto Medido<br \/>\nem N\u00fameros<\/h2>\n<p>[\/vc_column_text][vc_column_text css=&#8221;.vc_custom_1763724923674{margin-top: 32px !important;}&#8221;]<\/p>\n<h3>Nas pris\u00f5es comest\u00edveis<\/h3>\n<p>[\/vc_column_text][\/vc_column][vc_column width=&#8221;1\/4&#8243; el_class=&#8221;new-impacto-card&#8221;][vc_column_text css=&#8221;&#8221;]<\/p>\n<h5 style=\"text-align: center;\"><span class=\"underline-svg\">609<\/span><\/h5>\n<p>[\/vc_column_text][vc_column_text css=&#8221;&#8221;]<\/p>\n<h4 style=\"text-align: center;\">N\u00ba de benefici\u00e1rios<br \/>\nalcan\u00e7ados<\/h4>\n<p>[\/vc_column_text][\/vc_column][vc_column width=&#8221;1\/4&#8243; el_class=&#8221;new-impacto-card&#8221;][vc_column_text css=&#8221;&#8221;]<\/p>\n<h5 style=\"text-align: center;\"><span class=\"underline-svg\">2020 kg<\/span><\/h5>\n<p>[\/vc_column_text][vc_column_text css=&#8221;&#8221;]<\/p>\n<h4 style=\"text-align: center;\">Kg de alimentos<br \/>\ndistribu\u00eddos<\/h4>\n<p>[\/vc_column_text][\/vc_column][vc_column width=&#8221;1\/4&#8243; el_class=&#8221;new-impacto-card&#8221;][vc_column_text css=&#8221;&#8221;]<\/p>\n<h5 style=\"text-align: center;\"><span class=\"underline-svg\">5916<\/span><\/h5>\n<p>[\/vc_column_text][vc_column_text css=&#8221;&#8221;]<\/p>\n<h4 style=\"text-align: center;\">Cabazes doados ao<br \/>\nbanco alimentar<\/h4>\n<p>[\/vc_column_text][\/vc_column][\/vc_row][vc_row content_placement=&#8221;middle&#8221; el_id=&#8221;parceiros&#8221;][vc_column css=&#8221;.vc_custom_1763118141023{padding-top: 86px !important;padding-right: 52px !important;padding-bottom: 86px !important;padding-left: 52px !important;}&#8221;][vc_column_text css=&#8221;&#8221;]<\/p>\n<h2 class=\"headline\" style=\"text-align: center;\">Os nossos <span class=\"underline-svg\">parceiros<\/span><\/h2>\n<p>[\/vc_column_text][vc_row_inner content_placement=&#8221;middle&#8221; el_id=&#8221;logos-parceiros-lista&#8221;][vc_column_inner][vc_single_image image=&#8221;2564&#8243; img_size=&#8221;full&#8221; css=&#8221;&#8221; el_class=&#8221;logo-lista-imagem&#8221;][vc_single_image image=&#8221;2566&#8243; img_size=&#8221;full&#8221; css=&#8221;&#8221; el_class=&#8221;logo-lista-imagem&#8221;][vc_single_image image=&#8221;2568&#8243; img_size=&#8221;full&#8221; css=&#8221;&#8221; el_class=&#8221;logo-lista-imagem&#8221;][vc_single_image image=&#8221;2519&#8243; img_size=&#8221;full&#8221; css=&#8221;&#8221; el_class=&#8221;logo-lista-imagem&#8221;][vc_single_image image=&#8221;2570&#8243; img_size=&#8221;full&#8221; css=&#8221;&#8221; el_class=&#8221;logo-lista-imagem&#8221;][vc_single_image image=&#8221;2572&#8243; img_size=&#8221;full&#8221; css=&#8221;&#8221; el_class=&#8221;logo-lista-imagem&#8221;][vc_single_image image=&#8221;2574&#8243; img_size=&#8221;full&#8221; css=&#8221;&#8221; el_class=&#8221;logo-lista-imagem&#8221;][vc_single_image image=&#8221;2576&#8243; img_size=&#8221;full&#8221; css=&#8221;&#8221; el_class=&#8221;logo-lista-imagem&#8221;][vc_single_image image=&#8221;2578&#8243; img_size=&#8221;full&#8221; css=&#8221;&#8221; el_class=&#8221;logo-lista-imagem&#8221;][vc_single_image image=&#8221;2580&#8243; img_size=&#8221;full&#8221; css=&#8221;&#8221; el_class=&#8221;logo-lista-imagem&#8221;][vc_single_image image=&#8221;2582&#8243; img_size=&#8221;full&#8221; css=&#8221;&#8221; el_class=&#8221;logo-lista-imagem&#8221;][\/vc_column_inner][\/vc_row_inner][\/vc_column][\/vc_row][vc_row el_id=&#8221;merito&#8221; el_class=&#8221;merito-box&#8221; css=&#8221;.vc_custom_1763721894889{background-color: #F1E9DA !important;}&#8221;][vc_column][vc_row_inner][vc_column_inner][vc_column_text css=&#8221;.vc_custom_1763722569325{margin-bottom: 60px !important;}&#8221;]<\/p>\n<h2 style=\"text-align: center;\"><span class=\"underline-svg\">M\u00e9rito<\/span><\/h2>\n<p>[\/vc_column_text][\/vc_column_inner][\/vc_row_inner][vc_row_inner gap=&#8221;20&#8243; css=&#8221;.vc_custom_1771844017275{margin-right: 0px !important;margin-left: 0px !important;}&#8221;][vc_column_inner el_class=&#8221;new-testemunhos-card&#8221; width=&#8221;1\/3&#8243;][vc_single_image image=&#8221;2747&#8243; img_size=&#8221;full&#8221; alignment=&#8221;center&#8221; css=&#8221;.vc_custom_1770656415613{margin-bottom: 20px !important;}&#8221;][vc_column_text css=&#8221;&#8221;]<\/p>\n<h4 style=\"text-align: left;\">Pr\u00e9mio BPI Funda\u00e7\u00e3o la Caixa Solid\u00e1rio de 2022<\/h4>\n<p>[\/vc_column_text][vc_column_text css=&#8221;&#8221;]O projeto &#8220;Semear Esperan\u00e7a&#8221;, antes designado &#8220;Horticultura Vertical, Solidariedade Horizontal&#8221; venceu o Pr\u00e9mio BPI Funda\u00e7\u00e3o la Caixa Solid\u00e1rio de 2022.[\/vc_column_text][\/vc_column_inner][vc_column_inner width=&#8221;1\/3&#8243;][vc_single_image image=&#8221;2749&#8243; img_size=&#8221;full&#8221; alignment=&#8221;center&#8221; css=&#8221;.vc_custom_1770726469275{margin-bottom: 20px !important;}&#8221;][vc_column_text css=&#8221;&#8221;]<\/p>\n<h4 style=\"text-align: left;\">ONU \u2014 55.\u00aa Sess\u00e3o do Conselho de Direitos Humanos<\/h4>\n<p>[\/vc_column_text][vc_column_text css=&#8221;&#8221;]A ONU reconheceu a interven\u00e7\u00e3o da Upfarming no EP de Torres Novas como um exemplo de boas pr\u00e1ticas na sua 55.\u00aa Sess\u00e3o do Conselho de Direitos Humanos.[\/vc_column_text][\/vc_column_inner][vc_column_inner width=&#8221;1\/3&#8243;][vc_single_image image=&#8221;2871&#8243; img_size=&#8221;full&#8221; alignment=&#8221;center&#8221; css=&#8221;.vc_custom_1770726609003{margin-bottom: 20px !important;}&#8221;][vc_column_text css=&#8221;&#8221;]<\/p>\n<h4 style=\"text-align: left;\">Prison Achievement Award 2024 da Europris<\/h4>\n<p>[\/vc_column_text][vc_column_text css=&#8221;&#8221;]A Upfarming venceu o\u00a0Prison Achievement Award 2024 da Europris, pr\u00e9mio internacional de inova\u00e7\u00e3o para projetos em sistemas prisionais no contexto europeu[\/vc_column_text][\/vc_column_inner][\/vc_row_inner][\/vc_column][\/vc_row][vc_row content_placement=&#8221;middle&#8221; el_id=&#8221;areas&#8221;][vc_column][vc_row_inner][vc_column_inner el_class=&#8221;areas-cards&#8221; width=&#8221;1\/3&#8243;][vc_single_image image=&#8221;1318&#8243; img_size=&#8221;full&#8221; alignment=&#8221;center&#8221; css=&#8221;&#8221;][vc_column_text css=&#8221;&#8221;]<\/p>\n<h4 style=\"text-align: center;\"><span class=\"underline-svg\">Escolas<\/span><\/h4>\n<p>[\/vc_column_text][vc_column_text css=&#8221;&#8221;]<\/p>\n<p style=\"text-align: center;\">Hortas pedag\u00f3gicas que promovem a literacia alimentar e o contacto com a natureza.<\/p>\n<p>[\/vc_column_text][vc_btn title=&#8221;Saber Mais&#8221; align=&#8221;center&#8221; css=&#8221;.vc_custom_1773242883941{margin-top: 35px !important;background-color: #FFFFFF00 !important;border-color: #21472E !important;}&#8221; el_class=&#8221;button-link&#8221; link=&#8221;url:https%3A%2F%2Fupfarming.org%2Fpt-pt%2Fprojectos%2Fescolas%2F|title:Escolas&#8221;][\/vc_column_inner][vc_column_inner el_class=&#8221;areas-cards&#8221; width=&#8221;1\/3&#8243;][vc_single_image image=&#8221;2153&#8243; img_size=&#8221;full&#8221; alignment=&#8221;center&#8221; css=&#8221;&#8221;][vc_column_text css=&#8221;&#8221;]<\/p>\n<h4 style=\"text-align: center;\"><span class=\"underline-svg\">Bairros<\/span><\/h4>\n<p>[\/vc_column_text][vc_column_text css=&#8221;&#8221;]<\/p>\n<p style=\"text-align: center;\">Hortas comunit\u00e1rias que cultivam as rela\u00e7\u00f5es locais e regeneram o espa\u00e7o urbano<\/p>\n<p>[\/vc_column_text][vc_btn title=&#8221;Saber Mais&#8221; align=&#8221;center&#8221; css=&#8221;.vc_custom_1773242893773{margin-top: 35px !important;background-color: #FFFFFF00 !important;border-color: #21472E !important;}&#8221; el_class=&#8221;button-link&#8221; link=&#8221;url:https%3A%2F%2Fupfarming.org%2Fpt-pt%2Fprojectos%2Fbairros%2F|title:Bairros&#8221;][\/vc_column_inner][vc_column_inner el_class=&#8221;areas-cards&#8221; width=&#8221;1\/3&#8243;][vc_single_image image=&#8221;1322&#8243; img_size=&#8221;full&#8221; alignment=&#8221;center&#8221; css=&#8221;&#8221;][vc_column_text css=&#8221;&#8221;]<\/p>\n<h4 style=\"text-align: center;\"><span class=\"underline-svg\">Hospitais<\/span><\/h4>\n<p>[\/vc_column_text][vc_column_text css=&#8221;&#8221;]<\/p>\n<p style=\"text-align: center;\">Ambientes terap\u00eauticos que promovem o bem-estar f\u00edsico e emocional de utentes e profissionais.<\/p>\n<p>[\/vc_column_text][vc_btn title=&#8221;Saber Mais&#8221; align=&#8221;center&#8221; css=&#8221;.vc_custom_1773242902939{margin-top: 35px !important;background-color: #FFFFFF00 !important;border-color: #21472E !important;}&#8221; el_class=&#8221;button-link&#8221; link=&#8221;url:https%3A%2F%2Fupfarming.org%2Fpt-pt%2Fprojectos%2Fhospitais%2F|title:Hospitais&#8221;][\/vc_column_inner][\/vc_row_inner][\/vc_column][\/vc_row][vc_row equal_height=&#8221;yes&#8221; el_id=&#8221;new-faqs&#8221;][vc_column width=&#8221;1\/2&#8243; el_class=&#8221;new-faqs-image&#8221;][vc_single_image image=&#8221;2878&#8243; img_size=&#8221;full&#8221; css=&#8221;&#8221;][\/vc_column][vc_column width=&#8221;1\/2&#8243; el_class=&#8221;new-faqs-cards&#8221; el_id=&#8221;new-faqs-content&#8221;][vc_column_text css=&#8221;&#8221;]<\/p>\n<h2>Quer uma horta na sua institui\u00e7\u00e3o?<\/h2>\n<p>[\/vc_column_text][vc_column_text css=&#8221;&#8221;]Ajudamos a transformar espa\u00e7os dispon\u00edveis em hortas educativas, terap\u00eauticas ou produtivas, adaptadas \u00e0 realidade de cada organiza\u00e7\u00e3o.[\/vc_column_text]\n<div class=\"wpcf7 no-js\" id=\"wpcf7-f1404-o1\" lang=\"en-US\" dir=\"ltr\" data-wpcf7-id=\"1404\">\n<div class=\"screen-reader-response\"><p role=\"status\" aria-live=\"polite\" aria-atomic=\"true\"><\/p> <ul><\/ul><\/div>\n<form action=\"\/pt-pt\/wp-json\/wp\/v2\/pages\/1760#wpcf7-f1404-o1\" method=\"post\" class=\"wpcf7-form init\" aria-label=\"Contact form\" novalidate=\"novalidate\" data-status=\"init\">\n<fieldset class=\"hidden-fields-container\"><input type=\"hidden\" name=\"_wpcf7\" value=\"1404\" \/><input type=\"hidden\" name=\"_wpcf7_version\" value=\"6.1.5\" \/><input type=\"hidden\" name=\"_wpcf7_locale\" value=\"en_US\" \/><input type=\"hidden\" name=\"_wpcf7_unit_tag\" value=\"wpcf7-f1404-o1\" \/><input type=\"hidden\" name=\"_wpcf7_container_post\" value=\"0\" \/><input type=\"hidden\" name=\"_wpcf7_posted_data_hash\" value=\"\" \/><input type=\"hidden\" name=\"_wpcf7_recaptcha_response\" value=\"\" \/>\n<\/fieldset>\n<p><span class=\"wpcf7-form-control-wrap\" data-name=\"email-1\"><input size=\"40\" maxlength=\"400\" class=\"wpcf7-form-control wpcf7-email wpcf7-validates-as-required wpcf7-text wpcf7-validates-as-email\" aria-required=\"true\" aria-invalid=\"false\" placeholder=\"Email\" value=\"\" type=\"email\" name=\"email-1\" \/><\/span><br \/>\n<span class=\"wpcf7-form-control-wrap\" data-name=\"nome-1\"><input size=\"40\" maxlength=\"400\" class=\"wpcf7-form-control wpcf7-text wpcf7-validates-as-required\" aria-required=\"true\" aria-invalid=\"false\" placeholder=\"Institui\u00e7\u00e3o\" value=\"\" type=\"text\" name=\"nome-1\" \/><\/span><br \/>\n<span class=\"wpcf7-form-control-wrap\" data-name=\"mensagem-1\"><textarea cols=\"40\" rows=\"10\" maxlength=\"2000\" class=\"wpcf7-form-control wpcf7-textarea wpcf7-validates-as-required\" aria-required=\"true\" aria-invalid=\"false\" placeholder=\"Mensagem\" name=\"mensagem-1\"><\/textarea><\/span><br \/>\n<span class=\"wpcf7-form-control-wrap\" data-name=\"acceptance-15\"><span class=\"wpcf7-form-control wpcf7-acceptance optional\"><span class=\"wpcf7-list-item\"><label><input type=\"checkbox\" name=\"acceptance-15\" value=\"1\" aria-invalid=\"false\" \/><span class=\"wpcf7-list-item-label\">Declaro que\u00a0li e compreendi\u00a0a informa\u00e7\u00e3o relativa \u00e0 <a href=\"https:\/\/upfarming.org\/pt-pt\/politica-de-privacidade\/\">recolha dos meus dados pessoais<\/a> pela Upfarming.<\/span><\/label><\/span><\/span><\/span>\n<\/p>\n<p><input class=\"wpcf7-form-control wpcf7-submit has-spinner\" type=\"submit\" value=\"Enviar\" \/>\n<\/p><div class=\"wpcf7-response-output\" aria-hidden=\"true\"><\/div>\n<\/form>\n<\/div>\n[\/vc_column][\/vc_row]<\/p>\n<\/div>","protected":false},"excerpt":{"rendered":"<p>[vc_row full_height=&#8221;yes&#8221; content_placement=&#8221;middle&#8221; el_id=&#8221;new-hero&#8221; el_class=&#8221;hero-box&#8221;][vc_column width=&#8221;5\/12&#8243;][vc_column_text css=&#8221;&#8221;] Pris\u00f5es Comest\u00edveis [\/vc_column_text][vc_column_text css=&#8221;&#8221;] Este portef\u00f3lio pretende transformar os espa\u00e7os prisionais em ambientes vivos de aprendizagem, responsabilidade e esperan\u00e7a. Cada projeto promove\u00a0o crescimento pessoal, social e profissional das pessoas privadas de liberdade, atrav\u00e9s da cria\u00e7\u00e3o de hortas verticais, onde os desafios se transformam em oportunidades e onde \u00e9 [&hellip;]<\/p>\n","protected":false},"author":4,"featured_media":0,"parent":1749,"menu_order":0,"comment_status":"closed","ping_status":"closed","template":"","meta":{"_acf_changed":false,"footnotes":""},"class_list":["post-1760","page","type-page","status-publish","hentry"],"acf":[],"_links":{"self":[{"href":"https:\/\/upfarming.org\/pt-pt\/wp-json\/wp\/v2\/pages\/1760","targetHints":{"allow":["GET"]}}],"collection":[{"href":"https:\/\/upfarming.org\/pt-pt\/wp-json\/wp\/v2\/pages"}],"about":[{"href":"https:\/\/upfarming.org\/pt-pt\/wp-json\/wp\/v2\/types\/page"}],"author":[{"embeddable":true,"href":"https:\/\/upfarming.org\/pt-pt\/wp-json\/wp\/v2\/users\/4"}],"replies":[{"embeddable":true,"href":"https:\/\/upfarming.org\/pt-pt\/wp-json\/wp\/v2\/comments?post=1760"}],"version-history":[{"count":52,"href":"https:\/\/upfarming.org\/pt-pt\/wp-json\/wp\/v2\/pages\/1760\/revisions"}],"predecessor-version":[{"id":3079,"href":"https:\/\/upfarming.org\/pt-pt\/wp-json\/wp\/v2\/pages\/1760\/revisions\/3079"}],"up":[{"embeddable":true,"href":"https:\/\/upfarming.org\/pt-pt\/wp-json\/wp\/v2\/pages\/1749"}],"wp:attachment":[{"href":"https:\/\/upfarming.org\/pt-pt\/wp-json\/wp\/v2\/media?parent=1760"}],"curies":[{"name":"wp","href":"https:\/\/api.w.org\/{rel}","templated":true}]}}