{"id":1893,"date":"2025-11-26T10:21:07","date_gmt":"2025-11-26T10:21:07","guid":{"rendered":"https:\/\/upfarming.org\/?page_id=1893"},"modified":"2026-04-16T12:44:55","modified_gmt":"2026-04-16T11:44:55","slug":"escolas","status":"publish","type":"page","link":"https:\/\/upfarming.org\/pt-pt\/projectos\/escolas\/","title":{"rendered":"Escolas"},"content":{"rendered":"<div class=\"wpb-content-wrapper\"><p>[vc_row full_height=&#8221;yes&#8221; content_placement=&#8221;middle&#8221; el_id=&#8221;new-hero&#8221; el_class=&#8221;hero-box&#8221;][vc_column width=&#8221;5\/12&#8243;][vc_column_text css=&#8221;&#8221;]<\/p>\n<h2 class=\"headline\"><span class=\"underline-svg\">Escolas<\/span><br \/>\n<span class=\"underline-svg underline-svg-short\">Comest\u00edveis<\/span><\/h2>\n<p>[\/vc_column_text][vc_column_text css=&#8221;&#8221;]<\/p>\n<h3>Este portef\u00f3lio tem por objetivo primordial\u00a0transformar as escolas em espa\u00e7os vivos e interativos de aprendizagem, conectando os alunos \u00e0 natureza e \u00e0 produ\u00e7\u00e3o sustent\u00e1vel de alimentos atrav\u00e9s de hortas verticais pedag\u00f3gicas.<\/h3>\n<p>[\/vc_column_text][vc_column_text css=&#8221;&#8221;]Ao aproximar os alunos da origem dos alimentos, o programa promove uma educa\u00e7\u00e3o pr\u00e1tica e din\u00e2mica, que integra v\u00e1rios aspetos da agricultura na rotina e curr\u00edculo escolares. Este ecossistema de aprendizagem pretende beneficiar n\u00e3o s\u00f3 a comunidade escolar, mas tamb\u00e9m a comunidade local.[\/vc_column_text][\/vc_column][vc_column width=&#8221;7\/12&#8243;][vc_single_image image=&#8221;2815&#8243; img_size=&#8221;full&#8221; alignment=&#8221;center&#8221; css=&#8221;&#8221; el_class=&#8221;hero-image&#8221;][\/vc_column][\/vc_row][vc_row el_id=&#8221;post-grid&#8221;][vc_column][vc_basic_grid post_type=&#8221;project&#8221; max_items=&#8221;-1&#8243; element_width=&#8221;6&#8243; css=&#8221;&#8221; grid_id=&#8221;vc_gid:1773242552306-5220fc89-44ce-10&#8243; taxonomies=&#8221;24&#8243;][\/vc_column][\/vc_row][vc_row content_placement=&#8221;middle&#8221;][vc_column][vc_raw_html css=&#8221;&#8221;]JTNDdmlkZW8lMjBhdXRvcGxheSUyMGxvb3AlMjBtdXRlZCUzRSUwQSUyMCUyMCUzQ3NvdXJjZSUyMHNyYyUzRCUyMmh0dHBzJTNBJTJGJTJGdXBmYXJtaW5nLm9yZyUyRndwLWNvbnRlbnQlMkZ1cGxvYWRzJTJGMjAyNiUyRjAyJTJGQ28lQ0MlODFwaWEtZGUtVXBmYXJtaW5nX0VzY29sYXMtQ29tZXN0aSVDQyU4MXZlaXMubXA0JTIyJTNFJTBBJTIwJTIwWW91ciUyMGJyb3dzZXIlMjBkb2VzJTIwbm90JTIwc3VwcG9ydCUyMHRoZSUyMHZpZGVvJTIwdGFnLiUwQSUzQyUyRnZpZGVvJTNF[\/vc_raw_html][\/vc_column][\/vc_row][vc_row content_placement=&#8221;middle&#8221; el_id=&#8221;problematica&#8221; el_class=&#8221;hero-box&#8221;][vc_column width=&#8221;1\/2&#8243;][vc_column_text css=&#8221;&#8221;]<\/p>\n<h2 class=\"headline\"><span class=\"underline-svg\">Problem\u00e1tica<\/span><\/h2>\n<p>[\/vc_column_text][vc_column_text css=&#8221;&#8221;]<\/p>\n<h3>A transi\u00e7\u00e3o alimentar nas escolas enfrenta desafios significativos que v\u00e3o al\u00e9m da nutri\u00e7\u00e3o, abrangendo quest\u00f5es de sa\u00fade, educa\u00e7\u00e3o e sustentabilidade. Em Portugal, 26% das crian\u00e7as j\u00e1 experienciaram inseguran\u00e7a alimentar e 32% apresentam excesso de peso, refletindo os impactos de uma alimenta\u00e7\u00e3o inadequada. Somam-se a estas percentagens, o desperd\u00edcio de 20% dos alimentos nas refei\u00e7\u00f5es escolares e o distanciamento crescente das crian\u00e7as em rela\u00e7\u00e3o \u00e0 natureza.<\/h3>\n<p>[\/vc_column_text][\/vc_column][vc_column width=&#8221;1\/2&#8243;][vc_single_image image=&#8221;2813&#8243; img_size=&#8221;full&#8221; alignment=&#8221;center&#8221; css=&#8221;&#8221; el_class=&#8221;hero-image&#8221;][\/vc_column][\/vc_row][vc_row content_placement=&#8221;middle&#8221; el_class=&#8221;hero-box hero-box__flipped&#8221; el_id=&#8221;metodologia&#8221;][vc_column width=&#8221;1\/2&#8243;][vc_single_image image=&#8221;2811&#8243; img_size=&#8221;full&#8221; alignment=&#8221;center&#8221; css=&#8221;&#8221; el_class=&#8221;hero-image&#8221;][\/vc_column][vc_column width=&#8221;1\/2&#8243;][vc_column_text css=&#8221;&#8221;]<\/p>\n<h2 class=\"headline\"><span class=\"underline-svg\">Metodologia<\/span><\/h2>\n<p>[\/vc_column_text][vc_column_text css=&#8221;&#8221;]<\/p>\n<h3>A metodologia assenta na educa\u00e7\u00e3o n\u00e3o formal, tendo como principais objetivos a promo\u00e7\u00e3o da consci\u00eancia ambiental, da literacia alimentar e da aprendizagem interdisciplinar. Desta forma, garante-se o refor\u00e7o das hard-skills e promovem-se as soft-skills atrav\u00e9s do trabalho em equipa e da responsabilidade partilhada.<\/h3>\n<p>[\/vc_column_text][\/vc_column][\/vc_row][vc_row el_id=&#8221;testemunhos&#8221; el_class=&#8221;testemunhos-box&#8221; css=&#8221;.vc_custom_1763719749024{background-color: #EEE5D4 !important;}&#8221;][vc_column][vc_row_inner][vc_column_inner][vc_column_text css=&#8221;&#8221;]<\/p>\n<h2 style=\"text-align: center;\">Testemunhos de <span class=\"underline-svg\">Transforma\u00e7\u00e3o<\/span><\/h2>\n<p>[\/vc_column_text][\/vc_column_inner][\/vc_row_inner][vc_row_inner gap=&#8221;20&#8243; css=&#8221;.vc_custom_1763466048632{margin-right: 0px !important;margin-left: 0px !important;}&#8221; el_class=&#8221;testemunhos-cards&#8221;][vc_column_inner width=&#8221;1\/5&#8243;][\/vc_column_inner][vc_column_inner width=&#8221;1\/5&#8243;][\/vc_column_inner][vc_column_inner el_class=&#8221;new-testemunhos-card&#8221; width=&#8221;1\/5&#8243;][vc_single_image image=&#8221;1363&#8243; img_size=&#8221;full&#8221; alignment=&#8221;center&#8221; css=&#8221;&#8221;][vc_column_text css=&#8221;&#8221;]<\/p>\n<h6 style=\"text-align: center;\">\u201cA Upfarming promove hortas com foco educativo e comunit\u00e1rio, incentivando um futuro mais verde\u201d<\/h6>\n<p>[\/vc_column_text][vc_column_text css=&#8221;&#8221;]<\/p>\n<p style=\"text-align: center;\">Jorgelina Mendes<br \/>\nprofessora na EB Dom Lu\u00eds da Cunha<\/p>\n<p>[\/vc_column_text][\/vc_column_inner][vc_column_inner width=&#8221;1\/5&#8243;][\/vc_column_inner][vc_column_inner width=&#8221;1\/5&#8243;][\/vc_column_inner][\/vc_row_inner][\/vc_column][\/vc_row][vc_row content_placement=&#8221;middle&#8221; el_id=&#8221;new-impacto&#8221; css=&#8221;.vc_custom_1763720717396{background-color: #F1E9DA !important;}&#8221;][vc_column width=&#8221;1\/4&#8243;][vc_column_text css=&#8221;&#8221;]<\/p>\n<h2>Impacto Medido<br \/>\nem N\u00fameros<\/h2>\n<p>[\/vc_column_text][vc_column_text css=&#8221;.vc_custom_1773242543181{margin-top: 32px !important;}&#8221;]<\/p>\n<h3>Nas escolas comest\u00edveis<\/h3>\n<p>[\/vc_column_text][\/vc_column][vc_column width=&#8221;1\/4&#8243; el_class=&#8221;new-impacto-card&#8221;][vc_column_text css=&#8221;&#8221;]<\/p>\n<h5 style=\"text-align: center;\"><span class=\"underline-svg\">1000<\/span><\/h5>\n<p>[\/vc_column_text][vc_column_text css=&#8221;&#8221;]<\/p>\n<h4 style=\"text-align: center;\">N\u00ba de benefici\u00e1rios<br \/>\nalcan\u00e7ados<\/h4>\n<p>[\/vc_column_text][\/vc_column][vc_column width=&#8221;1\/4&#8243; el_class=&#8221;new-impacto-card&#8221;][vc_column_text css=&#8221;&#8221;]<\/p>\n<h5 style=\"text-align: center;\"><span class=\"underline-svg\">307 kg<\/span><\/h5>\n<p>[\/vc_column_text][vc_column_text css=&#8221;&#8221;]<\/p>\n<h4 style=\"text-align: center;\">Kg de alimentos<br \/>\ndistribu\u00eddos<\/h4>\n<p>[\/vc_column_text][\/vc_column][vc_column width=&#8221;1\/4&#8243; el_class=&#8221;new-impacto-card&#8221;][vc_column_text css=&#8221;&#8221;]<\/p>\n<h5 style=\"text-align: center;\"><span class=\"underline-svg\">256<\/span><\/h5>\n<p>[\/vc_column_text][vc_column_text css=&#8221;&#8221;]<\/p>\n<h4 style=\"text-align: center;\">Cabazes doados ao<br \/>\nbanco alimentar<\/h4>\n<p>[\/vc_column_text][\/vc_column][\/vc_row][vc_row content_placement=&#8221;middle&#8221; el_id=&#8221;parceiros&#8221;][vc_column css=&#8221;.vc_custom_1763118141023{padding-top: 86px !important;padding-right: 52px !important;padding-bottom: 86px !important;padding-left: 52px !important;}&#8221;][vc_column_text css=&#8221;&#8221;]<\/p>\n<h2 class=\"headline\" style=\"text-align: center;\">Os nossos <span class=\"underline-svg\">parceiros<\/span><\/h2>\n<p>[\/vc_column_text][vc_row_inner content_placement=&#8221;middle&#8221; el_id=&#8221;logos-parceiros-lista&#8221;][vc_column_inner][vc_single_image image=&#8221;2199&#8243; img_size=&#8221;full&#8221; alignment=&#8221;center&#8221; css=&#8221;&#8221; el_class=&#8221;logo-lista-imagem&#8221;][vc_single_image image=&#8221;2205&#8243; img_size=&#8221;full&#8221; alignment=&#8221;center&#8221; css=&#8221;&#8221; el_class=&#8221;logo-lista-imagem&#8221;][vc_single_image image=&#8221;2267&#8243; img_size=&#8221;full&#8221; alignment=&#8221;center&#8221; css=&#8221;&#8221; el_class=&#8221;logo-lista-imagem&#8221;][vc_single_image image=&#8221;2269&#8243; img_size=&#8221;full&#8221; alignment=&#8221;center&#8221; css=&#8221;&#8221; el_class=&#8221;logo-lista-imagem&#8221;][vc_single_image image=&#8221;2519&#8243; img_size=&#8221;full&#8221; css=&#8221;&#8221; el_class=&#8221;logo-lista-imagem&#8221;][vc_single_image image=&#8221;2521&#8243; img_size=&#8221;full&#8221; css=&#8221;&#8221; el_class=&#8221;logo-lista-imagem&#8221;][vc_single_image image=&#8221;2523&#8243; img_size=&#8221;full&#8221; css=&#8221;&#8221; el_class=&#8221;logo-lista-imagem&#8221;][vc_single_image image=&#8221;2525&#8243; img_size=&#8221;full&#8221; css=&#8221;&#8221; el_class=&#8221;logo-lista-imagem&#8221;][vc_single_image image=&#8221;2527&#8243; img_size=&#8221;full&#8221; css=&#8221;&#8221; el_class=&#8221;logo-lista-imagem&#8221;][vc_single_image image=&#8221;2529&#8243; img_size=&#8221;full&#8221; css=&#8221;&#8221; el_class=&#8221;logo-lista-imagem&#8221;][\/vc_column_inner][\/vc_row_inner][\/vc_column][\/vc_row][vc_row el_id=&#8221;merito&#8221; el_class=&#8221;merito-box&#8221; css=&#8221;.vc_custom_1763721894889{background-color: #F1E9DA !important;}&#8221;][vc_column][vc_row_inner][vc_column_inner][vc_column_text css=&#8221;.vc_custom_1763722569325{margin-bottom: 60px !important;}&#8221;]<\/p>\n<h2 style=\"text-align: center;\"><span class=\"underline-svg\">M\u00e9rito<\/span><\/h2>\n<p>[\/vc_column_text][\/vc_column_inner][\/vc_row_inner][vc_row_inner gap=&#8221;20&#8243; css=&#8221;.vc_custom_1771843966730{margin-right: 0px !important;margin-left: 0px !important;}&#8221;][vc_column_inner el_class=&#8221;new-testemunhos-card&#8221;][vc_single_image image=&#8221;2751&#8243; img_size=&#8221;full&#8221; alignment=&#8221;center&#8221; css=&#8221;.vc_custom_1770726895207{margin-bottom: 20px !important;}&#8221;][vc_column_text css=&#8221;&#8221;]<\/p>\n<p style=\"text-align: center;\"><strong>New European Bauhaus<\/strong><\/p>\n<p>[\/vc_column_text][vc_column_text css=&#8221;&#8221;]<\/p>\n<p style=\"text-align: center;\">O projeto &#8220;Da Escola para a Mesa&#8221; venceu o Pr\u00e9mio Europeu New European Bauhaus.<\/p>\n<p>[\/vc_column_text][\/vc_column_inner][\/vc_row_inner][\/vc_column][\/vc_row][vc_row content_placement=&#8221;middle&#8221; el_id=&#8221;areas&#8221;][vc_column][vc_row_inner][vc_column_inner el_class=&#8221;areas-cards&#8221; width=&#8221;1\/3&#8243;][vc_single_image image=&#8221;1320&#8243; img_size=&#8221;full&#8221; alignment=&#8221;center&#8221; css=&#8221;&#8221;][vc_column_text css=&#8221;&#8221;]<\/p>\n<h4 style=\"text-align: center;\"><span class=\"underline-svg\">Pris\u00f5es<\/span><\/h4>\n<p>[\/vc_column_text][vc_column_text css=&#8221;&#8221;]<\/p>\n<p style=\"text-align: center;\">Espa\u00e7os verdes que contribuem para a capacita\u00e7\u00e3o, dignifica\u00e7\u00e3o e reinser\u00e7\u00e3o social.<\/p>\n<p>[\/vc_column_text][vc_btn title=&#8221;Saber Mais&#8221; align=&#8221;center&#8221; css=&#8221;.vc_custom_1773242619550{margin-top: 35px !important;background-color: #FFFFFF00 !important;border-color: #21472E !important;}&#8221; el_class=&#8221;button-link&#8221; link=&#8221;url:https%3A%2F%2Fupfarming.org%2Fpt-pt%2Fprojectos%2Fprisoes%2F|title:Pris%C3%B5es&#8221;][\/vc_column_inner][vc_column_inner el_class=&#8221;areas-cards&#8221; width=&#8221;1\/3&#8243;][vc_single_image image=&#8221;2153&#8243; img_size=&#8221;full&#8221; alignment=&#8221;center&#8221; css=&#8221;&#8221;][vc_column_text css=&#8221;&#8221;]<\/p>\n<h4 style=\"text-align: center;\"><span class=\"underline-svg\">Bairros<\/span><\/h4>\n<p>[\/vc_column_text][vc_column_text css=&#8221;&#8221;]<\/p>\n<p style=\"text-align: center;\">Hortas comunit\u00e1rias que cultivam as rela\u00e7\u00f5es locais e regeneram o espa\u00e7o urbano.<\/p>\n<p>[\/vc_column_text][vc_btn title=&#8221;Saber Mais&#8221; align=&#8221;center&#8221; css=&#8221;.vc_custom_1773242639735{margin-top: 35px !important;background-color: #FFFFFF00 !important;border-color: #21472E !important;}&#8221; el_class=&#8221;button-link&#8221; link=&#8221;url:https%3A%2F%2Fupfarming.org%2Fpt-pt%2Fprojectos%2Fbairros%2F|title:Bairros&#8221;][\/vc_column_inner][vc_column_inner el_class=&#8221;areas-cards&#8221; width=&#8221;1\/3&#8243;][vc_single_image image=&#8221;1322&#8243; img_size=&#8221;full&#8221; alignment=&#8221;center&#8221; css=&#8221;&#8221;][vc_column_text css=&#8221;&#8221;]<\/p>\n<h4 style=\"text-align: center;\"><span class=\"underline-svg\">Hospitais<\/span><\/h4>\n<p>[\/vc_column_text][vc_column_text css=&#8221;&#8221;]<\/p>\n<p style=\"text-align: center;\">Ambientes terap\u00eauticos que promovem o bem-estar f\u00edsico e emocional de utentes e profissionais.<\/p>\n<p>[\/vc_column_text][vc_btn title=&#8221;Saber Mais&#8221; align=&#8221;center&#8221; css=&#8221;.vc_custom_1773242651634{margin-top: 35px !important;background-color: #FFFFFF00 !important;border-color: #21472E !important;}&#8221; el_class=&#8221;button-link&#8221; link=&#8221;url:https%3A%2F%2Fupfarming.org%2Fpt-pt%2Fprojectos%2Fhospitais%2F|title:Hospitais&#8221;][\/vc_column_inner][\/vc_row_inner][\/vc_column][\/vc_row][vc_row equal_height=&#8221;yes&#8221; el_id=&#8221;new-faqs&#8221;][vc_column width=&#8221;1\/2&#8243; el_class=&#8221;new-faqs-image&#8221;][vc_single_image image=&#8221;2878&#8243; img_size=&#8221;full&#8221; css=&#8221;&#8221;][\/vc_column][vc_column width=&#8221;1\/2&#8243; el_class=&#8221;new-faqs-cards&#8221; el_id=&#8221;new-faqs-content&#8221;][vc_column_text css=&#8221;&#8221;]<\/p>\n<h2>Quer uma horta na sua institui\u00e7\u00e3o?<\/h2>\n<p>[\/vc_column_text][vc_column_text css=&#8221;&#8221;]Ajudamos a transformar espa\u00e7os dispon\u00edveis em hortas educativas, terap\u00eauticas ou produtivas, adaptadas \u00e0 realidade de cada organiza\u00e7\u00e3o.[\/vc_column_text]\n<div class=\"wpcf7 no-js\" id=\"wpcf7-f1404-o1\" lang=\"en-US\" dir=\"ltr\" data-wpcf7-id=\"1404\">\n<div class=\"screen-reader-response\"><p role=\"status\" aria-live=\"polite\" aria-atomic=\"true\"><\/p> <ul><\/ul><\/div>\n<form action=\"\/pt-pt\/wp-json\/wp\/v2\/pages\/1893#wpcf7-f1404-o1\" method=\"post\" class=\"wpcf7-form init\" aria-label=\"Contact form\" novalidate=\"novalidate\" data-status=\"init\">\n<fieldset class=\"hidden-fields-container\"><input type=\"hidden\" name=\"_wpcf7\" value=\"1404\" \/><input type=\"hidden\" name=\"_wpcf7_version\" value=\"6.1.5\" \/><input type=\"hidden\" name=\"_wpcf7_locale\" value=\"en_US\" \/><input type=\"hidden\" name=\"_wpcf7_unit_tag\" value=\"wpcf7-f1404-o1\" \/><input type=\"hidden\" name=\"_wpcf7_container_post\" value=\"0\" \/><input type=\"hidden\" name=\"_wpcf7_posted_data_hash\" value=\"\" \/><input type=\"hidden\" name=\"_wpcf7_recaptcha_response\" value=\"\" \/>\n<\/fieldset>\n<p><span class=\"wpcf7-form-control-wrap\" data-name=\"email-1\"><input size=\"40\" maxlength=\"400\" class=\"wpcf7-form-control wpcf7-email wpcf7-validates-as-required wpcf7-text wpcf7-validates-as-email\" aria-required=\"true\" aria-invalid=\"false\" placeholder=\"Email\" value=\"\" type=\"email\" name=\"email-1\" \/><\/span><br \/>\n<span class=\"wpcf7-form-control-wrap\" data-name=\"nome-1\"><input size=\"40\" maxlength=\"400\" class=\"wpcf7-form-control wpcf7-text wpcf7-validates-as-required\" aria-required=\"true\" aria-invalid=\"false\" placeholder=\"Institui\u00e7\u00e3o\" value=\"\" type=\"text\" name=\"nome-1\" \/><\/span><br \/>\n<span class=\"wpcf7-form-control-wrap\" data-name=\"mensagem-1\"><textarea cols=\"40\" rows=\"10\" maxlength=\"2000\" class=\"wpcf7-form-control wpcf7-textarea wpcf7-validates-as-required\" aria-required=\"true\" aria-invalid=\"false\" placeholder=\"Mensagem\" name=\"mensagem-1\"><\/textarea><\/span><br \/>\n<span class=\"wpcf7-form-control-wrap\" data-name=\"acceptance-15\"><span class=\"wpcf7-form-control wpcf7-acceptance optional\"><span class=\"wpcf7-list-item\"><label><input type=\"checkbox\" name=\"acceptance-15\" value=\"1\" aria-invalid=\"false\" \/><span class=\"wpcf7-list-item-label\">Declaro que\u00a0li e compreendi\u00a0a informa\u00e7\u00e3o relativa \u00e0 <a href=\"https:\/\/upfarming.org\/pt-pt\/politica-de-privacidade\/\">recolha dos meus dados pessoais<\/a> pela Upfarming.<\/span><\/label><\/span><\/span><\/span>\n<\/p>\n<p><input class=\"wpcf7-form-control wpcf7-submit has-spinner\" type=\"submit\" value=\"Enviar\" \/>\n<\/p><div class=\"wpcf7-response-output\" aria-hidden=\"true\"><\/div>\n<\/form>\n<\/div>\n[\/vc_column][\/vc_row]<\/p>\n<\/div>","protected":false},"excerpt":{"rendered":"<p>[vc_row full_height=&#8221;yes&#8221; content_placement=&#8221;middle&#8221; el_id=&#8221;new-hero&#8221; el_class=&#8221;hero-box&#8221;][vc_column width=&#8221;5\/12&#8243;][vc_column_text css=&#8221;&#8221;] Escolas Comest\u00edveis [\/vc_column_text][vc_column_text css=&#8221;&#8221;] Este portef\u00f3lio tem por objetivo primordial\u00a0transformar as escolas em espa\u00e7os vivos e interativos de aprendizagem, conectando os alunos \u00e0 natureza e \u00e0 produ\u00e7\u00e3o sustent\u00e1vel de alimentos atrav\u00e9s de hortas verticais pedag\u00f3gicas. [\/vc_column_text][vc_column_text css=&#8221;&#8221;]Ao aproximar os alunos da origem dos alimentos, o programa promove uma [&hellip;]<\/p>\n","protected":false},"author":4,"featured_media":0,"parent":1749,"menu_order":0,"comment_status":"closed","ping_status":"closed","template":"","meta":{"_acf_changed":false,"footnotes":""},"class_list":["post-1893","page","type-page","status-publish","hentry"],"acf":[],"_links":{"self":[{"href":"https:\/\/upfarming.org\/pt-pt\/wp-json\/wp\/v2\/pages\/1893","targetHints":{"allow":["GET"]}}],"collection":[{"href":"https:\/\/upfarming.org\/pt-pt\/wp-json\/wp\/v2\/pages"}],"about":[{"href":"https:\/\/upfarming.org\/pt-pt\/wp-json\/wp\/v2\/types\/page"}],"author":[{"embeddable":true,"href":"https:\/\/upfarming.org\/pt-pt\/wp-json\/wp\/v2\/users\/4"}],"replies":[{"embeddable":true,"href":"https:\/\/upfarming.org\/pt-pt\/wp-json\/wp\/v2\/comments?post=1893"}],"version-history":[{"count":29,"href":"https:\/\/upfarming.org\/pt-pt\/wp-json\/wp\/v2\/pages\/1893\/revisions"}],"predecessor-version":[{"id":3076,"href":"https:\/\/upfarming.org\/pt-pt\/wp-json\/wp\/v2\/pages\/1893\/revisions\/3076"}],"up":[{"embeddable":true,"href":"https:\/\/upfarming.org\/pt-pt\/wp-json\/wp\/v2\/pages\/1749"}],"wp:attachment":[{"href":"https:\/\/upfarming.org\/pt-pt\/wp-json\/wp\/v2\/media?parent=1893"}],"curies":[{"name":"wp","href":"https:\/\/api.w.org\/{rel}","templated":true}]}}