{"id":1901,"date":"2025-11-26T10:22:17","date_gmt":"2025-11-26T10:22:17","guid":{"rendered":"https:\/\/upfarming.org\/?page_id=1901"},"modified":"2026-04-16T12:44:05","modified_gmt":"2026-04-16T11:44:05","slug":"bairros","status":"publish","type":"page","link":"https:\/\/upfarming.org\/pt-pt\/projectos\/bairros\/","title":{"rendered":"Bairros"},"content":{"rendered":"<div class=\"wpb-content-wrapper\"><p>[vc_row full_height=&#8221;yes&#8221; content_placement=&#8221;middle&#8221; el_id=&#8221;new-hero&#8221; el_class=&#8221;hero-box&#8221;][vc_column width=&#8221;5\/12&#8243;][vc_column_text css=&#8221;&#8221;]<\/p>\n<h2 class=\"headline\"><span class=\"underline-svg\">Bairros<\/span><br \/>\n<span class=\"underline-svg underline-svg-short\">Comest\u00edveis<\/span><\/h2>\n<p>[\/vc_column_text][vc_column_text css=&#8221;&#8221;]<\/p>\n<h3>Este portf\u00f3lio tem como objetivo primordial promover a literacia alimentar, a sustentabilidade ambiental e o desenvolvimento comunit\u00e1rio atrav\u00e9s da instala\u00e7\u00e3o e dinamiza\u00e7\u00e3o de diferentes ferramentas de agricultura urbana. Assentes em din\u00e2micas participativas, os projetos comunit\u00e1rios incentivam a intera\u00e7\u00e3o entre comunidades locais, institui\u00e7\u00f5es e diferentes gera\u00e7\u00f5es, refor\u00e7ando a coes\u00e3o social.<\/h3>\n<p>[\/vc_column_text][vc_column_text css=&#8221;&#8221;]Desta forma, promovemos h\u00e1bitos de consumo mais respons\u00e1veis e o envolvimento ativo da comunidade nos projetos, garantindo um impacto social positivo e duradouro.[\/vc_column_text][\/vc_column][vc_column width=&#8221;7\/12&#8243;][vc_single_image image=&#8221;2850&#8243; img_size=&#8221;full&#8221; alignment=&#8221;center&#8221; css=&#8221;&#8221; el_class=&#8221;hero-image&#8221;][\/vc_column][\/vc_row][vc_row el_id=&#8221;post-grid&#8221;][vc_column][vc_basic_grid post_type=&#8221;project&#8221; max_items=&#8221;-1&#8243; element_width=&#8221;6&#8243; css=&#8221;&#8221; grid_id=&#8221;vc_gid:1773243617066-825fb297-43fd-3&#8243; taxonomies=&#8221;26&#8243;][\/vc_column][\/vc_row][vc_row content_placement=&#8221;middle&#8221;][vc_column][vc_raw_html css=&#8221;&#8221;]JTNDdmlkZW8lMjBhdXRvcGxheSUyMGxvb3AlMjBtdXRlZCUzRSUwQSUyMCUyMCUzQ3NvdXJjZSUyMHNyYyUzRCUyMmh0dHBzJTNBJTJGJTJGdXBmYXJtaW5nLm9yZyUyRndwLWNvbnRlbnQlMkZ1cGxvYWRzJTJGMjAyNiUyRjAyJTJGQ28lQ0MlODFwaWEtZGUtMl9yZWNhcF9hcmlhXzE2OS5tcDQlMjIlM0UlMEElMjAlMjBZb3VyJTIwYnJvd3NlciUyMGRvZXMlMjBub3QlMjBzdXBwb3J0JTIwdGhlJTIwdmlkZW8lMjB0YWcuJTBBJTNDJTJGdmlkZW8lM0U=[\/vc_raw_html][\/vc_column][\/vc_row][vc_row content_placement=&#8221;middle&#8221; el_id=&#8221;problematica&#8221; el_class=&#8221;hero-box&#8221;][vc_column width=&#8221;1\/2&#8243;][vc_column_text css=&#8221;&#8221;]<\/p>\n<h2 class=\"headline\"><span class=\"underline-svg\">Problem\u00e1tica<\/span><\/h2>\n<p>[\/vc_column_text][vc_column_text css=&#8221;&#8221;]<\/p>\n<h3>O atual sistema de produ\u00e7\u00e3o de alimentos enfrenta v\u00e1rias limita\u00e7\u00f5es, que resultam em impactos ambientais, sociais e econ\u00f3micos significativos, afetando a sa\u00fade e o bem-estar das comunidades. A produ\u00e7\u00e3o e o consumo de alimentos em proximidade promovem a sustentabilidade local. Para isso, \u00e9 fundamental sensibilizar a popula\u00e7\u00e3o e capacitar os agentes locais, incentivando uma participa\u00e7\u00e3o ativa e consciente num sistema que visa estilos de vida saud\u00e1veis, acesso equitativo \u00e0 alimenta\u00e7\u00e3o e fortalecimento da coes\u00e3o social.<\/h3>\n<p>[\/vc_column_text][\/vc_column][vc_column width=&#8221;1\/2&#8243;][vc_single_image image=&#8221;2821&#8243; img_size=&#8221;full&#8221; alignment=&#8221;center&#8221; css=&#8221;&#8221; el_class=&#8221;hero-image&#8221;][\/vc_column][\/vc_row][vc_row content_placement=&#8221;middle&#8221; el_class=&#8221;hero-box hero-box__flipped&#8221; el_id=&#8221;metodologia&#8221;][vc_column width=&#8221;1\/2&#8243;][vc_single_image image=&#8221;2819&#8243; img_size=&#8221;full&#8221; alignment=&#8221;center&#8221; css=&#8221;&#8221; el_class=&#8221;hero-image&#8221;][\/vc_column][vc_column width=&#8221;1\/2&#8243;][vc_column_text css=&#8221;&#8221;]<\/p>\n<h2 class=\"headline\"><span class=\"underline-svg\">Metodologia<\/span><\/h2>\n<p>[\/vc_column_text][vc_column_text css=&#8221;&#8221;]<\/p>\n<h3>A metodologia dos projetos comunit\u00e1rios baseia-se numa abordagem participativa, comunit\u00e1ria e interinstitucional, orientada para fortalecer as rela\u00e7\u00f5es de vizinhan\u00e7a, o sentimento de perten\u00e7a e a valoriza\u00e7\u00e3o dos espa\u00e7os verdes. Na pr\u00e1tica, combinam-se a\u00e7\u00f5es de capacita\u00e7\u00e3o, educa\u00e7\u00e3o ambiental e interven\u00e7\u00e3o direta no territ\u00f3rio, incluindo a implementa\u00e7\u00e3o de m\u00e9todos de agricultura urbana. Os eventos comunit\u00e1rios, oficinas e forma\u00e7\u00f5es permitem que os participantes adquiram conhecimentos e compet\u00eancias t\u00e9cnicas, capacitando-os a assumir progressivamente a gest\u00e3o e manuten\u00e7\u00e3o dos espa\u00e7os verdes intervencionados, promovendo a autonomia e a continuidade dos projetos.<strong>\u00a0<\/strong><\/h3>\n<p>[\/vc_column_text][\/vc_column][\/vc_row][vc_row el_id=&#8221;testemunhos&#8221; el_class=&#8221;testemunhos-box&#8221; css=&#8221;.vc_custom_1763719749024{background-color: #EEE5D4 !important;}&#8221;][vc_column][vc_row_inner][vc_column_inner][vc_column_text css=&#8221;&#8221;]<\/p>\n<h2 style=\"text-align: center;\">Testemunhos de <span class=\"underline-svg\">Transforma\u00e7\u00e3o<\/span><\/h2>\n<p>[\/vc_column_text][\/vc_column_inner][\/vc_row_inner][vc_row_inner gap=&#8221;20&#8243; css=&#8221;.vc_custom_1763466048632{margin-right: 0px !important;margin-left: 0px !important;}&#8221; el_class=&#8221;testemunhos-cards&#8221;][vc_column_inner width=&#8221;1\/4&#8243;][\/vc_column_inner][vc_column_inner el_class=&#8221;new-testemunhos-card&#8221; width=&#8221;1\/4&#8243;][vc_single_image image=&#8221;1359&#8243; img_size=&#8221;full&#8221; alignment=&#8221;center&#8221; css=&#8221;&#8221;][vc_column_text css=&#8221;&#8221;]<\/p>\n<h6 style=\"text-align: center;\">\u201c\u00c9 com muito orgulho que colaboro com a Upfarming. Juntos estamos a transformar Lisboa numa cidade mais comest\u00edvel\u201d.<\/h6>\n<p>[\/vc_column_text][vc_column_text css=&#8221;&#8221;]<\/p>\n<p style=\"text-align: center;\">Joaquim Espada<br \/>\nconsultor de agrofloresta<\/p>\n<p>[\/vc_column_text][\/vc_column_inner][vc_column_inner el_class=&#8221;new-testemunhos-card&#8221; width=&#8221;1\/4&#8243;][vc_single_image image=&#8221;1361&#8243; img_size=&#8221;full&#8221; alignment=&#8221;center&#8221; css=&#8221;&#8221;][vc_column_text css=&#8221;&#8221;]<\/p>\n<h6 style=\"text-align: center;\">\u201cCuidar da estufa faz-me sentir viva, \u00fatil e feliz. \u00c9 o meu rem\u00e9dio, onde a terra e a alegria me acompanham. Sinto-me em paz\u201d.<\/h6>\n<p>[\/vc_column_text][vc_column_text css=&#8221;&#8221;]<\/p>\n<p style=\"text-align: center;\">Laura Nobre<br \/>\nbenefici\u00e1ria do projeto da Estufa Comunit\u00e1ria de Alvalade<\/p>\n<p>[\/vc_column_text][\/vc_column_inner][vc_column_inner width=&#8221;1\/4&#8243;][\/vc_column_inner][\/vc_row_inner][\/vc_column][\/vc_row][vc_row content_placement=&#8221;middle&#8221; el_id=&#8221;new-impacto&#8221; css=&#8221;.vc_custom_1763720717396{background-color: #F1E9DA !important;}&#8221;][vc_column width=&#8221;1\/4&#8243;][vc_column_text css=&#8221;&#8221;]<\/p>\n<h2>Impacto Medido<br \/>\nem N\u00fameros<\/h2>\n<p>[\/vc_column_text][vc_column_text css=&#8221;.vc_custom_1770377506778{margin-top: 32px !important;}&#8221;]<\/p>\n<h3>Nos bairros comest\u00edveis<\/h3>\n<p>[\/vc_column_text][\/vc_column][vc_column width=&#8221;1\/4&#8243; el_class=&#8221;new-impacto-card&#8221;][vc_column_text css=&#8221;&#8221;]<\/p>\n<h5 style=\"text-align: center;\"><span class=\"underline-svg\">2243<\/span><\/h5>\n<p>[\/vc_column_text][vc_column_text css=&#8221;&#8221;]<\/p>\n<h4 style=\"text-align: center;\">N\u00ba de benefici\u00e1rios<br \/>\nalcan\u00e7ados<\/h4>\n<p>[\/vc_column_text][\/vc_column][vc_column width=&#8221;1\/4&#8243; el_class=&#8221;new-impacto-card&#8221;][vc_column_text css=&#8221;&#8221;]<\/p>\n<h5 style=\"text-align: center;\"><span class=\"underline-svg\">545 kg<\/span><\/h5>\n<p>[\/vc_column_text][vc_column_text css=&#8221;&#8221;]<\/p>\n<h4 style=\"text-align: center;\">Kg de alimentos<br \/>\ndistribu\u00eddos<\/h4>\n<p>[\/vc_column_text][\/vc_column][vc_column width=&#8221;1\/4&#8243; el_class=&#8221;new-impacto-card&#8221;][vc_column_text css=&#8221;&#8221;]<\/p>\n<h5 style=\"text-align: center;\"><span class=\"underline-svg\">1444<\/span><\/h5>\n<p>[\/vc_column_text][vc_column_text css=&#8221;&#8221;]<\/p>\n<h4 style=\"text-align: center;\">Cabazes doados ao<br \/>\nbanco alimentar<\/h4>\n<p>[\/vc_column_text][\/vc_column][\/vc_row][vc_row content_placement=&#8221;middle&#8221; el_id=&#8221;parceiros&#8221;][vc_column css=&#8221;.vc_custom_1763118141023{padding-top: 86px !important;padding-right: 52px !important;padding-bottom: 86px !important;padding-left: 52px !important;}&#8221;][vc_column_text css=&#8221;&#8221;]<\/p>\n<h2 class=\"headline\" style=\"text-align: center;\">Os nossos <span class=\"underline-svg\">parceiros<\/span><\/h2>\n<p>[\/vc_column_text][vc_row_inner content_placement=&#8221;middle&#8221; el_id=&#8221;logos-parceiros-lista&#8221;][vc_column_inner][vc_single_image image=&#8221;2513&#8243; img_size=&#8221;full&#8221; css=&#8221;&#8221; el_class=&#8221;logo-lista-imagem&#8221;][vc_single_image image=&#8221;2523&#8243; img_size=&#8221;full&#8221; css=&#8221;&#8221; el_class=&#8221;logo-lista-imagem&#8221;][vc_single_image image=&#8221;2511&#8243; img_size=&#8221;full&#8221; css=&#8221;&#8221; el_class=&#8221;logo-lista-imagem&#8221;][vc_single_image image=&#8221;2533&#8243; img_size=&#8221;full&#8221; css=&#8221;&#8221; el_class=&#8221;logo-lista-imagem&#8221;][vc_single_image image=&#8221;2535&#8243; css=&#8221;&#8221; el_class=&#8221;logo-lista-imagem&#8221;][vc_single_image image=&#8221;2537&#8243; img_size=&#8221;full&#8221; css=&#8221;&#8221; el_class=&#8221;logo-lista-imagem&#8221;][vc_single_image image=&#8221;2541&#8243; img_size=&#8221;full&#8221; css=&#8221;&#8221; el_class=&#8221;logo-lista-imagem&#8221;][\/vc_column_inner][\/vc_row_inner][\/vc_column][\/vc_row][vc_row content_placement=&#8221;middle&#8221; el_id=&#8221;areas&#8221;][vc_column][vc_row_inner][vc_column_inner el_class=&#8221;areas-cards&#8221; width=&#8221;1\/3&#8243;][vc_single_image image=&#8221;1318&#8243; img_size=&#8221;full&#8221; alignment=&#8221;center&#8221; css=&#8221;&#8221;][vc_column_text css=&#8221;&#8221;]<\/p>\n<h4 style=\"text-align: center;\"><span class=\"underline-svg\">Escolas<\/span><\/h4>\n<p>[\/vc_column_text][vc_column_text css=&#8221;&#8221;]<\/p>\n<p style=\"text-align: center;\">Hortas pedag\u00f3gicas que promovem a literacia alimentar e o contacto com a natureza.<\/p>\n<p>[\/vc_column_text][vc_btn title=&#8221;Saber Mais&#8221; align=&#8221;center&#8221; css=&#8221;.vc_custom_1773242694216{margin-top: 35px !important;background-color: #FFFFFF00 !important;border-color: #21472E !important;}&#8221; el_class=&#8221;button-link&#8221; link=&#8221;url:https%3A%2F%2Fupfarming.org%2Fpt-pt%2Fprojectos%2Fescolas%2F|title:Escolas&#8221;][\/vc_column_inner][vc_column_inner el_class=&#8221;areas-cards&#8221; width=&#8221;1\/3&#8243;][vc_single_image image=&#8221;1320&#8243; img_size=&#8221;full&#8221; alignment=&#8221;center&#8221; css=&#8221;&#8221;][vc_column_text css=&#8221;&#8221;]<\/p>\n<h4 style=\"text-align: center;\"><span class=\"underline-svg\">Pris\u00f5es<\/span><\/h4>\n<p>[\/vc_column_text][vc_column_text css=&#8221;&#8221;]<\/p>\n<p style=\"text-align: center;\">Espa\u00e7os verdes que contribuem para a capacita\u00e7\u00e3o, dignifica\u00e7\u00e3o e reinser\u00e7\u00e3o social.<\/p>\n<p>[\/vc_column_text][vc_btn title=&#8221;Saber Mais&#8221; align=&#8221;center&#8221; css=&#8221;.vc_custom_1773242708329{margin-top: 35px !important;background-color: #FFFFFF00 !important;border-color: #21472E !important;}&#8221; el_class=&#8221;button-link&#8221; link=&#8221;url:https%3A%2F%2Fupfarming.org%2Fpt-pt%2Fprojectos%2Fprisoes%2F|title:Pris%C3%B5es&#8221;][\/vc_column_inner][vc_column_inner el_class=&#8221;areas-cards&#8221; width=&#8221;1\/3&#8243;][vc_single_image image=&#8221;1322&#8243; img_size=&#8221;full&#8221; alignment=&#8221;center&#8221; css=&#8221;&#8221;][vc_column_text css=&#8221;&#8221;]<\/p>\n<h4 style=\"text-align: center;\"><span class=\"underline-svg\">Hospitais<\/span><\/h4>\n<p>[\/vc_column_text][vc_column_text css=&#8221;&#8221;]<\/p>\n<p style=\"text-align: center;\">Ambientes terap\u00eauticos que promovem o bem-estar f\u00edsico e emocional de utentes e profissionais.<\/p>\n<p>[\/vc_column_text][vc_btn title=&#8221;Saber Mais&#8221; align=&#8221;center&#8221; css=&#8221;.vc_custom_1773242753660{margin-top: 35px !important;background-color: #FFFFFF00 !important;border-color: #21472E !important;}&#8221; el_class=&#8221;button-link&#8221; link=&#8221;url:https%3A%2F%2Fupfarming.org%2Fpt-pt%2Fprojectos%2Fhospitais%2F|title:Hospitais&#8221;][\/vc_column_inner][\/vc_row_inner][\/vc_column][\/vc_row][vc_row equal_height=&#8221;yes&#8221; el_id=&#8221;new-faqs&#8221;][vc_column width=&#8221;1\/2&#8243; el_class=&#8221;new-faqs-image&#8221;][vc_single_image image=&#8221;2878&#8243; img_size=&#8221;full&#8221; css=&#8221;&#8221;][\/vc_column][vc_column width=&#8221;1\/2&#8243; el_class=&#8221;new-faqs-cards&#8221; el_id=&#8221;new-faqs-content&#8221;][vc_column_text css=&#8221;&#8221;]<\/p>\n<h2>Quer uma horta na sua institui\u00e7\u00e3o?<\/h2>\n<p>[\/vc_column_text][vc_column_text css=&#8221;&#8221;]Ajudamos a transformar espa\u00e7os dispon\u00edveis em hortas educativas, terap\u00eauticas ou produtivas, adaptadas \u00e0 realidade de cada organiza\u00e7\u00e3o.[\/vc_column_text]\n<div class=\"wpcf7 no-js\" id=\"wpcf7-f1404-o1\" lang=\"en-US\" dir=\"ltr\" data-wpcf7-id=\"1404\">\n<div class=\"screen-reader-response\"><p role=\"status\" aria-live=\"polite\" aria-atomic=\"true\"><\/p> <ul><\/ul><\/div>\n<form action=\"\/pt-pt\/wp-json\/wp\/v2\/pages\/1901#wpcf7-f1404-o1\" method=\"post\" class=\"wpcf7-form init\" aria-label=\"Contact form\" novalidate=\"novalidate\" data-status=\"init\">\n<fieldset class=\"hidden-fields-container\"><input type=\"hidden\" name=\"_wpcf7\" value=\"1404\" \/><input type=\"hidden\" name=\"_wpcf7_version\" value=\"6.1.5\" \/><input type=\"hidden\" name=\"_wpcf7_locale\" value=\"en_US\" \/><input type=\"hidden\" name=\"_wpcf7_unit_tag\" value=\"wpcf7-f1404-o1\" \/><input type=\"hidden\" name=\"_wpcf7_container_post\" value=\"0\" \/><input type=\"hidden\" name=\"_wpcf7_posted_data_hash\" value=\"\" \/><input type=\"hidden\" name=\"_wpcf7_recaptcha_response\" value=\"\" \/>\n<\/fieldset>\n<p><span class=\"wpcf7-form-control-wrap\" data-name=\"email-1\"><input size=\"40\" maxlength=\"400\" class=\"wpcf7-form-control wpcf7-email wpcf7-validates-as-required wpcf7-text wpcf7-validates-as-email\" aria-required=\"true\" aria-invalid=\"false\" placeholder=\"Email\" value=\"\" type=\"email\" name=\"email-1\" \/><\/span><br \/>\n<span class=\"wpcf7-form-control-wrap\" data-name=\"nome-1\"><input size=\"40\" maxlength=\"400\" class=\"wpcf7-form-control wpcf7-text wpcf7-validates-as-required\" aria-required=\"true\" aria-invalid=\"false\" placeholder=\"Institui\u00e7\u00e3o\" value=\"\" type=\"text\" name=\"nome-1\" \/><\/span><br \/>\n<span class=\"wpcf7-form-control-wrap\" data-name=\"mensagem-1\"><textarea cols=\"40\" rows=\"10\" maxlength=\"2000\" class=\"wpcf7-form-control wpcf7-textarea wpcf7-validates-as-required\" aria-required=\"true\" aria-invalid=\"false\" placeholder=\"Mensagem\" name=\"mensagem-1\"><\/textarea><\/span><br \/>\n<span class=\"wpcf7-form-control-wrap\" data-name=\"acceptance-15\"><span class=\"wpcf7-form-control wpcf7-acceptance optional\"><span class=\"wpcf7-list-item\"><label><input type=\"checkbox\" name=\"acceptance-15\" value=\"1\" aria-invalid=\"false\" \/><span class=\"wpcf7-list-item-label\">Declaro que\u00a0li e compreendi\u00a0a informa\u00e7\u00e3o relativa \u00e0 <a href=\"https:\/\/upfarming.org\/pt-pt\/politica-de-privacidade\/\">recolha dos meus dados pessoais<\/a> pela Upfarming.<\/span><\/label><\/span><\/span><\/span>\n<\/p>\n<p><input class=\"wpcf7-form-control wpcf7-submit has-spinner\" type=\"submit\" value=\"Enviar\" \/>\n<\/p><div class=\"wpcf7-response-output\" aria-hidden=\"true\"><\/div>\n<\/form>\n<\/div>\n[\/vc_column][\/vc_row]<\/p>\n<\/div>","protected":false},"excerpt":{"rendered":"<p>[vc_row full_height=&#8221;yes&#8221; content_placement=&#8221;middle&#8221; el_id=&#8221;new-hero&#8221; el_class=&#8221;hero-box&#8221;][vc_column width=&#8221;5\/12&#8243;][vc_column_text css=&#8221;&#8221;] Bairros Comest\u00edveis [\/vc_column_text][vc_column_text css=&#8221;&#8221;] Este portf\u00f3lio tem como objetivo primordial promover a literacia alimentar, a sustentabilidade ambiental e o desenvolvimento comunit\u00e1rio atrav\u00e9s da instala\u00e7\u00e3o e dinamiza\u00e7\u00e3o de diferentes ferramentas de agricultura urbana. Assentes em din\u00e2micas participativas, os projetos comunit\u00e1rios incentivam a intera\u00e7\u00e3o entre comunidades locais, institui\u00e7\u00f5es e diferentes [&hellip;]<\/p>\n","protected":false},"author":4,"featured_media":0,"parent":1749,"menu_order":0,"comment_status":"closed","ping_status":"closed","template":"","meta":{"_acf_changed":false,"footnotes":""},"class_list":["post-1901","page","type-page","status-publish","hentry"],"acf":[],"_links":{"self":[{"href":"https:\/\/upfarming.org\/pt-pt\/wp-json\/wp\/v2\/pages\/1901","targetHints":{"allow":["GET"]}}],"collection":[{"href":"https:\/\/upfarming.org\/pt-pt\/wp-json\/wp\/v2\/pages"}],"about":[{"href":"https:\/\/upfarming.org\/pt-pt\/wp-json\/wp\/v2\/types\/page"}],"author":[{"embeddable":true,"href":"https:\/\/upfarming.org\/pt-pt\/wp-json\/wp\/v2\/users\/4"}],"replies":[{"embeddable":true,"href":"https:\/\/upfarming.org\/pt-pt\/wp-json\/wp\/v2\/comments?post=1901"}],"version-history":[{"count":32,"href":"https:\/\/upfarming.org\/pt-pt\/wp-json\/wp\/v2\/pages\/1901\/revisions"}],"predecessor-version":[{"id":3082,"href":"https:\/\/upfarming.org\/pt-pt\/wp-json\/wp\/v2\/pages\/1901\/revisions\/3082"}],"up":[{"embeddable":true,"href":"https:\/\/upfarming.org\/pt-pt\/wp-json\/wp\/v2\/pages\/1749"}],"wp:attachment":[{"href":"https:\/\/upfarming.org\/pt-pt\/wp-json\/wp\/v2\/media?parent=1901"}],"curies":[{"name":"wp","href":"https:\/\/api.w.org\/{rel}","templated":true}]}}