{"id":1903,"date":"2025-11-26T10:23:48","date_gmt":"2025-11-26T10:23:48","guid":{"rendered":"https:\/\/upfarming.org\/?page_id=1903"},"modified":"2026-04-17T16:46:00","modified_gmt":"2026-04-17T15:46:00","slug":"hospitais","status":"publish","type":"page","link":"https:\/\/upfarming.org\/pt-pt\/projectos\/hospitais\/","title":{"rendered":"Hospitais"},"content":{"rendered":"<div class=\"wpb-content-wrapper\"><p>[vc_row full_height=&#8221;yes&#8221; content_placement=&#8221;middle&#8221; el_id=&#8221;new-hero&#8221; el_class=&#8221;hero-box&#8221;][vc_column width=&#8221;5\/12&#8243;][vc_column_text css=&#8221;&#8221;]<\/p>\n<h2 class=\"headline\"><span class=\"underline-svg\">Hospitais<\/span><br \/>\n<span class=\"underline-svg underline-svg-short\">Comest\u00edveis<\/span><\/h2>\n<p>[\/vc_column_text][vc_column_text css=&#8221;&#8221;]<\/p>\n<h3>A Upfarming desenvolve projetos em contexto hospitalar que utilizam a agricultura como ferramenta terap\u00eautica, educativa e de inclus\u00e3o social. Estas iniciativas integram sistemas de cultivo vertical como hortas terap\u00eauticas e espa\u00e7os de aprendizagem pr\u00e1tica, adaptados a contextos de sa\u00fade mental e reabilita\u00e7\u00e3o psicossocial. Atrav\u00e9s da intera\u00e7\u00e3o com a horta e do trabalho colaborativo, os projetos promovem o desenvolvimento de compet\u00eancias f\u00edsicas, cognitivas, emocionais, sociais e ocupacionais, contribuindo para a autonomia, o bem-estar e a melhoria da qualidade de vida dos participantes.<\/h3>\n<p>[\/vc_column_text][vc_column_text css=&#8221;&#8221;]As atividades incluem pr\u00e1ticas agr\u00edcolas sustent\u00e1veis, forma\u00e7\u00e3o t\u00e9cnica e o refor\u00e7o de compet\u00eancias pessoais e relacionais, potenciando processos de reabilita\u00e7\u00e3o funcional e de reinser\u00e7\u00e3o socioprofissional. Estes projetos refor\u00e7am a liga\u00e7\u00e3o entre sa\u00fade, natureza e comunidade, valorizando a natureza como elemento terap\u00eautico e o cultivo de alimentos como meio de capacita\u00e7\u00e3o, inclus\u00e3o e participa\u00e7\u00e3o ativa.[\/vc_column_text][\/vc_column][vc_column width=&#8221;7\/12&#8243;][vc_single_image image=&#8221;2848&#8243; img_size=&#8221;full&#8221; alignment=&#8221;center&#8221; css=&#8221;&#8221; el_class=&#8221;hero-image&#8221;][\/vc_column][\/vc_row][vc_row el_id=&#8221;post-grid&#8221;][vc_column][vc_basic_grid post_type=&#8221;project&#8221; max_items=&#8221;-1&#8243; element_width=&#8221;6&#8243; css=&#8221;&#8221; grid_id=&#8221;vc_gid:1776440737504-98fba10b-2acb-10&#8243; taxonomies=&#8221;25&#8243;][\/vc_column][\/vc_row][vc_row content_placement=&#8221;middle&#8221;][vc_column][vc_raw_html css=&#8221;&#8221;]JTNDdmlkZW8lMjBhdXRvcGxheSUyMGxvb3AlMjBtdXRlZCUzRSUwQSUyMCUyMCUzQ3NvdXJjZSUyMHNyYyUzRCUyMmh0dHBzJTNBJTJGJTJGdXBmYXJtaW5nLm9yZyUyRndwLWNvbnRlbnQlMkZ1cGxvYWRzJTJGMjAyNiUyRjAyJTJGaW5hdWd1cmFjYW9oam1fc2Vtc29tLm1wNCUyMiUzRSUwQSUyMCUyMFlvdXIlMjBicm93c2VyJTIwZG9lcyUyMG5vdCUyMHN1cHBvcnQlMjB0aGUlMjB2aWRlbyUyMHRhZy4lMEElM0MlMkZ2aWRlbyUzRQ==[\/vc_raw_html][\/vc_column][\/vc_row][vc_row content_placement=&#8221;middle&#8221; el_id=&#8221;problematica&#8221; el_class=&#8221;hero-box&#8221;][vc_column width=&#8221;1\/2&#8243;][vc_column_text css=&#8221;&#8221;]<\/p>\n<h2 class=\"headline\"><span class=\"underline-svg\">Problem\u00e1tica<\/span><\/h2>\n<p>[\/vc_column_text][vc_column_text css=&#8221;&#8221;]<\/p>\n<h3>Nas unidades hospitalares onde a Upfarming desenvolve os seus projetos, observa-se a presen\u00e7a de popula\u00e7\u00f5es vulner\u00e1veis, marcadas pela estigmatiza\u00e7\u00e3o e exclus\u00e3o prolongada. Estes utentes apresentam d\u00e9fices funcionais, sociais, emocionais e ocupacionais, frequentemente agravados pelo isolamento e pela falta de rotinas estruturadas. Apesar do acompanhamento cl\u00ednico, persistem lacunas na reabilita\u00e7\u00e3o psicossocial, com escassez de programas integrados que promovam autonomia, compet\u00eancias transfer\u00edveis e reintegra\u00e7\u00e3o social ou socioprofissional. A aus\u00eancia de forma\u00e7\u00e3o e de atividades terap\u00eauticas limita a recupera\u00e7\u00e3o e dificulta a inclus\u00e3o sustent\u00e1vel.<\/h3>\n<h3>Assim sendo, s\u00e3o necess\u00e1rias abordagens inovadoras e multidisciplinares que combinem sa\u00fade, ocupa\u00e7\u00e3o significativa e capacita\u00e7\u00e3o, criando contextos terap\u00eauticos que promovam bem-estar, sentido de utilidade e participa\u00e7\u00e3o ativa na sociedade.<\/h3>\n<p>[\/vc_column_text][\/vc_column][vc_column width=&#8221;1\/2&#8243;][vc_single_image image=&#8221;2887&#8243; img_size=&#8221;full&#8221; alignment=&#8221;center&#8221; css=&#8221;&#8221; el_class=&#8221;hero-image&#8221;][\/vc_column][\/vc_row][vc_row content_placement=&#8221;middle&#8221; el_class=&#8221;hero-box hero-box__flipped&#8221; el_id=&#8221;metodologia&#8221;][vc_column width=&#8221;1\/2&#8243;][vc_single_image image=&#8221;2885&#8243; img_size=&#8221;full&#8221; alignment=&#8221;center&#8221; css=&#8221;&#8221; el_class=&#8221;hero-image&#8221;][\/vc_column][vc_column width=&#8221;1\/2&#8243;][vc_column_text css=&#8221;&#8221;]<\/p>\n<h2 class=\"headline\"><span class=\"underline-svg\">Metodologia<\/span><\/h2>\n<p>[\/vc_column_text][vc_column_text css=&#8221;&#8221;]<\/p>\n<h3>Os projetos em contexto hospitalar assentam numa abordagem integrada, participativa e centrada no utente, combinando pr\u00e1ticas agr\u00edcolas sustent\u00e1veis, forma\u00e7\u00e3o e atividades terap\u00eauticas e socio-ocupacionais. A metodologia inclui hortas verticais, compostagem, agrofloresta e oficinas pr\u00e1ticas que envolvem os participantes em todas as fases do cultivo, promovendo responsabilidade, autonomia e trabalho em equipa. Paralelamente, s\u00e3o desenvolvidos modelos de gest\u00e3o partilhada das hortas, redes de consumo e distribui\u00e7\u00e3o solid\u00e1ria, e forma\u00e7\u00e3o certificada em agricultura sustent\u00e1vel e compet\u00eancias pessoais e sociais. Esta combina\u00e7\u00e3o de pr\u00e1tica e aprendizagem estruturada permite o desenvolvimento de compet\u00eancias, fortalecendo a reintegra\u00e7\u00e3o socioprofissional, o bem-estar e a participa\u00e7\u00e3o ativa na comunidade.<\/h3>\n<p>[\/vc_column_text][\/vc_column][\/vc_row][vc_row content_placement=&#8221;middle&#8221; el_id=&#8221;new-impacto&#8221; css=&#8221;.vc_custom_1763720717396{background-color: #F1E9DA !important;}&#8221;][vc_column width=&#8221;1\/4&#8243;][vc_column_text css=&#8221;&#8221;]<\/p>\n<h2>Impacto Medido<br \/>\nem N\u00fameros<\/h2>\n<p>[\/vc_column_text][vc_column_text css=&#8221;.vc_custom_1764152622589{margin-top: 32px !important;}&#8221;]<\/p>\n<h3>Nos hospitais comest\u00edveis<\/h3>\n<p>[\/vc_column_text][\/vc_column][vc_column width=&#8221;1\/4&#8243; el_class=&#8221;new-impacto-card&#8221;][vc_column_text css=&#8221;&#8221;]<\/p>\n<h5 style=\"text-align: center;\"><span class=\"underline-svg\">203<\/span><\/h5>\n<p>[\/vc_column_text][vc_column_text css=&#8221;&#8221;]<\/p>\n<h4 style=\"text-align: center;\">N\u00ba de benefici\u00e1rios<br \/>\nalcan\u00e7ados<\/h4>\n<p>[\/vc_column_text][\/vc_column][vc_column width=&#8221;1\/4&#8243; el_class=&#8221;new-impacto-card&#8221;][vc_column_text css=&#8221;&#8221;]<\/p>\n<h5 style=\"text-align: center;\"><span class=\"underline-svg\">251 kg<\/span><\/h5>\n<p>[\/vc_column_text][vc_column_text css=&#8221;&#8221;]<\/p>\n<h4 style=\"text-align: center;\">Kg de alimentos<br \/>\ndistribu\u00eddos<\/h4>\n<p>[\/vc_column_text][\/vc_column][vc_column width=&#8221;1\/4&#8243; el_class=&#8221;new-impacto-card&#8221;][vc_column_text css=&#8221;&#8221;]<\/p>\n<h5 style=\"text-align: center;\"><span class=\"underline-svg\">68<\/span><\/h5>\n<p>[\/vc_column_text][vc_column_text css=&#8221;&#8221;]<\/p>\n<h4 style=\"text-align: center;\">Cabazes doados ao<br \/>\nbanco alimentar<\/h4>\n<p>[\/vc_column_text][\/vc_column][\/vc_row][vc_row content_placement=&#8221;middle&#8221; el_id=&#8221;parceiros&#8221;][vc_column css=&#8221;.vc_custom_1763118141023{padding-top: 86px !important;padding-right: 52px !important;padding-bottom: 86px !important;padding-left: 52px !important;}&#8221;][vc_column_text css=&#8221;&#8221;]<\/p>\n<h2 class=\"headline\" style=\"text-align: center;\">Os nossos <span class=\"underline-svg\">parceiros<\/span><\/h2>\n<p>[\/vc_column_text][vc_row_inner content_placement=&#8221;middle&#8221; el_id=&#8221;logos-parceiros-lista&#8221;][vc_column_inner][vc_single_image image=&#8221;2541&#8243; img_size=&#8221;full&#8221; css=&#8221;&#8221; el_class=&#8221;logo-lista-imagem&#8221;][vc_single_image image=&#8221;2551&#8243; img_size=&#8221;full&#8221; css=&#8221;&#8221; el_class=&#8221;logo-lista-imagem&#8221;][vc_single_image image=&#8221;2553&#8243; img_size=&#8221;full&#8221; css=&#8221;&#8221; el_class=&#8221;logo-lista-imagem&#8221;][vc_single_image image=&#8221;2555&#8243; img_size=&#8221;full&#8221; css=&#8221;&#8221; el_class=&#8221;logo-lista-imagem&#8221;][vc_single_image image=&#8221;2559&#8243; img_size=&#8221;full&#8221; css=&#8221;&#8221; el_class=&#8221;logo-lista-imagem&#8221;][vc_single_image image=&#8221;2557&#8243; img_size=&#8221;full&#8221; css=&#8221;&#8221; el_class=&#8221;logo-lista-imagem&#8221;][vc_single_image image=&#8221;2561&#8243; img_size=&#8221;full&#8221; css=&#8221;&#8221; el_class=&#8221;logo-lista-imagem&#8221;][vc_single_image image=&#8221;2548&#8243; img_size=&#8221;full&#8221; css=&#8221;&#8221; el_class=&#8221;logo-lista-imagem&#8221;][\/vc_column_inner][\/vc_row_inner][\/vc_column][\/vc_row][vc_row el_id=&#8221;merito&#8221; el_class=&#8221;merito-box&#8221; css=&#8221;.vc_custom_1763721894889{background-color: #F1E9DA !important;}&#8221;][vc_column][vc_row_inner][vc_column_inner][vc_column_text css=&#8221;.vc_custom_1763722569325{margin-bottom: 60px !important;}&#8221;]<\/p>\n<h2 style=\"text-align: center;\"><span class=\"underline-svg\">M\u00e9rito<\/span><\/h2>\n<p>[\/vc_column_text][\/vc_column_inner][\/vc_row_inner][vc_row_inner gap=&#8221;20&#8243; css=&#8221;.vc_custom_1771843900183{margin-right: 0px !important;margin-left: 0px !important;}&#8221;][vc_column_inner el_class=&#8221;new-testemunhos-card&#8221;][vc_single_image image=&#8221;2548&#8243; img_size=&#8221;420&#215;100&#8243; alignment=&#8221;center&#8221; css=&#8221;.vc_custom_1771843761320{margin-bottom: 20px !important;}&#8221;][vc_column_text css=&#8221;&#8221;]<\/p>\n<h4 style=\"text-align: center;\">Pr\u00e9mio BPI e Funda\u00e7\u00e3o la Caixa<\/h4>\n<p>[\/vc_column_text][vc_column_text css=&#8221;&#8221;][\/vc_column_text][\/vc_column_inner][\/vc_row_inner][\/vc_column][\/vc_row][vc_row content_placement=&#8221;middle&#8221; el_id=&#8221;areas&#8221;][vc_column][vc_row_inner][vc_column_inner el_class=&#8221;areas-cards&#8221; width=&#8221;1\/3&#8243;][vc_single_image image=&#8221;1318&#8243; img_size=&#8221;full&#8221; alignment=&#8221;center&#8221; css=&#8221;&#8221;][vc_column_text css=&#8221;&#8221;]<\/p>\n<h4 style=\"text-align: center;\"><span class=\"underline-svg\">Escolas<\/span><\/h4>\n<p>[\/vc_column_text][vc_column_text css=&#8221;&#8221;]<\/p>\n<p style=\"text-align: center;\">Hortas pedag\u00f3gicas que promovem a literacia alimentar e o contacto com a natureza.<\/p>\n<p>[\/vc_column_text][vc_btn title=&#8221;Saber Mais&#8221; align=&#8221;center&#8221; css=&#8221;.vc_custom_1773242827356{margin-top: 35px !important;background-color: #FFFFFF00 !important;border-color: #21472E !important;}&#8221; el_class=&#8221;button-link&#8221; link=&#8221;url:https%3A%2F%2Fupfarming.org%2Fpt-pt%2Fprojectos%2Fescolas%2F|title:Escolas&#8221;][\/vc_column_inner][vc_column_inner el_class=&#8221;areas-cards&#8221; width=&#8221;1\/3&#8243;][vc_single_image image=&#8221;2153&#8243; img_size=&#8221;full&#8221; alignment=&#8221;center&#8221; css=&#8221;&#8221;][vc_column_text css=&#8221;&#8221;]<\/p>\n<h4 style=\"text-align: center;\"><span class=\"underline-svg\">Bairros<\/span><\/h4>\n<p>[\/vc_column_text][vc_column_text css=&#8221;&#8221;]<\/p>\n<p style=\"text-align: center;\">Hortas comunit\u00e1rias que cultivam as rela\u00e7\u00f5es locais e regeneram o espa\u00e7o urbano.<\/p>\n<p>[\/vc_column_text][vc_btn title=&#8221;Saber Mais&#8221; align=&#8221;center&#8221; css=&#8221;.vc_custom_1773242844452{margin-top: 35px !important;background-color: #FFFFFF00 !important;border-color: #21472E !important;}&#8221; el_class=&#8221;button-link&#8221; link=&#8221;url:https%3A%2F%2Fupfarming.org%2Fpt-pt%2Fprojectos%2Fbairros%2F|title:Bairros&#8221;][\/vc_column_inner][vc_column_inner el_class=&#8221;areas-cards&#8221; width=&#8221;1\/3&#8243;][vc_single_image image=&#8221;1320&#8243; img_size=&#8221;full&#8221; alignment=&#8221;center&#8221; css=&#8221;&#8221;][vc_column_text css=&#8221;&#8221;]<\/p>\n<h4 style=\"text-align: center;\"><span class=\"underline-svg\">Pris\u00f5es<\/span><\/h4>\n<p>[\/vc_column_text][vc_column_text css=&#8221;&#8221;]<\/p>\n<p style=\"text-align: center;\">Espa\u00e7os verdes que contribuem para a capacita\u00e7\u00e3o, dignifica\u00e7\u00e3o e reinser\u00e7\u00e3o social.<\/p>\n<p>[\/vc_column_text][vc_btn title=&#8221;Saber Mais&#8221; align=&#8221;center&#8221; css=&#8221;.vc_custom_1773242853450{margin-top: 35px !important;background-color: #FFFFFF00 !important;border-color: #21472E !important;}&#8221; el_class=&#8221;button-link&#8221; link=&#8221;url:https%3A%2F%2Fupfarming.org%2Fpt-pt%2Fprojectos%2Fprisoes%2F|title:Pris%C3%B5es&#8221;][\/vc_column_inner][\/vc_row_inner][\/vc_column][\/vc_row][vc_row equal_height=&#8221;yes&#8221; el_id=&#8221;new-faqs&#8221;][vc_column width=&#8221;1\/2&#8243; el_class=&#8221;new-faqs-image&#8221;][vc_single_image image=&#8221;2878&#8243; img_size=&#8221;full&#8221; css=&#8221;&#8221;][\/vc_column][vc_column width=&#8221;1\/2&#8243; el_class=&#8221;new-faqs-cards&#8221; el_id=&#8221;new-faqs-content&#8221;][vc_column_text css=&#8221;&#8221;]<\/p>\n<h2>Quer uma horta na sua institui\u00e7\u00e3o?<\/h2>\n<p>[\/vc_column_text][vc_column_text css=&#8221;&#8221;]Ajudamos a transformar espa\u00e7os dispon\u00edveis em hortas educativas, terap\u00eauticas ou produtivas, adaptadas \u00e0 realidade de cada organiza\u00e7\u00e3o.[\/vc_column_text]\n<div class=\"wpcf7 no-js\" id=\"wpcf7-f1404-o1\" lang=\"en-US\" dir=\"ltr\" data-wpcf7-id=\"1404\">\n<div class=\"screen-reader-response\"><p role=\"status\" aria-live=\"polite\" aria-atomic=\"true\"><\/p> <ul><\/ul><\/div>\n<form action=\"\/pt-pt\/wp-json\/wp\/v2\/pages\/1903#wpcf7-f1404-o1\" method=\"post\" class=\"wpcf7-form init\" aria-label=\"Contact form\" novalidate=\"novalidate\" data-status=\"init\">\n<fieldset class=\"hidden-fields-container\"><input type=\"hidden\" name=\"_wpcf7\" value=\"1404\" \/><input type=\"hidden\" name=\"_wpcf7_version\" value=\"6.1.5\" \/><input type=\"hidden\" name=\"_wpcf7_locale\" value=\"en_US\" \/><input type=\"hidden\" name=\"_wpcf7_unit_tag\" value=\"wpcf7-f1404-o1\" \/><input type=\"hidden\" name=\"_wpcf7_container_post\" value=\"0\" \/><input type=\"hidden\" name=\"_wpcf7_posted_data_hash\" value=\"\" \/><input type=\"hidden\" name=\"_wpcf7_recaptcha_response\" value=\"\" \/>\n<\/fieldset>\n<p><span class=\"wpcf7-form-control-wrap\" data-name=\"email-1\"><input size=\"40\" maxlength=\"400\" class=\"wpcf7-form-control wpcf7-email wpcf7-validates-as-required wpcf7-text wpcf7-validates-as-email\" aria-required=\"true\" aria-invalid=\"false\" placeholder=\"Email\" value=\"\" type=\"email\" name=\"email-1\" \/><\/span><br \/>\n<span class=\"wpcf7-form-control-wrap\" data-name=\"nome-1\"><input size=\"40\" maxlength=\"400\" class=\"wpcf7-form-control wpcf7-text wpcf7-validates-as-required\" aria-required=\"true\" aria-invalid=\"false\" placeholder=\"Institui\u00e7\u00e3o\" value=\"\" type=\"text\" name=\"nome-1\" \/><\/span><br \/>\n<span class=\"wpcf7-form-control-wrap\" data-name=\"mensagem-1\"><textarea cols=\"40\" rows=\"10\" maxlength=\"2000\" class=\"wpcf7-form-control wpcf7-textarea wpcf7-validates-as-required\" aria-required=\"true\" aria-invalid=\"false\" placeholder=\"Mensagem\" name=\"mensagem-1\"><\/textarea><\/span><br \/>\n<span class=\"wpcf7-form-control-wrap\" data-name=\"acceptance-15\"><span class=\"wpcf7-form-control wpcf7-acceptance optional\"><span class=\"wpcf7-list-item\"><label><input type=\"checkbox\" name=\"acceptance-15\" value=\"1\" aria-invalid=\"false\" \/><span class=\"wpcf7-list-item-label\">Declaro que\u00a0li e compreendi\u00a0a informa\u00e7\u00e3o relativa \u00e0 <a href=\"https:\/\/upfarming.org\/pt-pt\/politica-de-privacidade\/\">recolha dos meus dados pessoais<\/a> pela Upfarming.<\/span><\/label><\/span><\/span><\/span>\n<\/p>\n<p><input class=\"wpcf7-form-control wpcf7-submit has-spinner\" type=\"submit\" value=\"Enviar\" \/>\n<\/p><div class=\"wpcf7-response-output\" aria-hidden=\"true\"><\/div>\n<\/form>\n<\/div>\n[\/vc_column][\/vc_row]<\/p>\n<\/div>","protected":false},"excerpt":{"rendered":"<p>[vc_row full_height=&#8221;yes&#8221; content_placement=&#8221;middle&#8221; el_id=&#8221;new-hero&#8221; el_class=&#8221;hero-box&#8221;][vc_column width=&#8221;5\/12&#8243;][vc_column_text css=&#8221;&#8221;] Hospitais Comest\u00edveis [\/vc_column_text][vc_column_text css=&#8221;&#8221;] A Upfarming desenvolve projetos em contexto hospitalar que utilizam a agricultura como ferramenta terap\u00eautica, educativa e de inclus\u00e3o social. Estas iniciativas integram sistemas de cultivo vertical como hortas terap\u00eauticas e espa\u00e7os de aprendizagem pr\u00e1tica, adaptados a contextos de sa\u00fade mental e reabilita\u00e7\u00e3o psicossocial. Atrav\u00e9s [&hellip;]<\/p>\n","protected":false},"author":4,"featured_media":0,"parent":1749,"menu_order":0,"comment_status":"closed","ping_status":"closed","template":"","meta":{"_acf_changed":false,"footnotes":""},"class_list":["post-1903","page","type-page","status-publish","hentry"],"acf":[],"_links":{"self":[{"href":"https:\/\/upfarming.org\/pt-pt\/wp-json\/wp\/v2\/pages\/1903","targetHints":{"allow":["GET"]}}],"collection":[{"href":"https:\/\/upfarming.org\/pt-pt\/wp-json\/wp\/v2\/pages"}],"about":[{"href":"https:\/\/upfarming.org\/pt-pt\/wp-json\/wp\/v2\/types\/page"}],"author":[{"embeddable":true,"href":"https:\/\/upfarming.org\/pt-pt\/wp-json\/wp\/v2\/users\/4"}],"replies":[{"embeddable":true,"href":"https:\/\/upfarming.org\/pt-pt\/wp-json\/wp\/v2\/comments?post=1903"}],"version-history":[{"count":26,"href":"https:\/\/upfarming.org\/pt-pt\/wp-json\/wp\/v2\/pages\/1903\/revisions"}],"predecessor-version":[{"id":3184,"href":"https:\/\/upfarming.org\/pt-pt\/wp-json\/wp\/v2\/pages\/1903\/revisions\/3184"}],"up":[{"embeddable":true,"href":"https:\/\/upfarming.org\/pt-pt\/wp-json\/wp\/v2\/pages\/1749"}],"wp:attachment":[{"href":"https:\/\/upfarming.org\/pt-pt\/wp-json\/wp\/v2\/media?parent=1903"}],"curies":[{"name":"wp","href":"https:\/\/api.w.org\/{rel}","templated":true}]}}